{"id":953,"date":"2020-09-23T14:26:01","date_gmt":"2020-09-23T14:26:01","guid":{"rendered":"http:\/\/sportmedizin-kurse.de\/?page_id=953"},"modified":"2026-02-10T17:35:59","modified_gmt":"2026-02-10T17:35:59","slug":"anmeldung-winterkurs","status":"publish","type":"page","link":"https:\/\/sportmedizin-kurse.de\/?page_id=953","title":{"rendered":"Anmeldung Winterkurs 2026 GESCHLOSSEN"},"content":{"rendered":"\n\n\n<p>Anmeldebedingungen<\/p>\n<p>Bei R\u00fccktritt bis zum 07.01.2026 erlauben wir uns eine Bearbeitungsgeb\u00fchr von 50,- \u20ac zu erheben. Bei R\u00fccktritt nach dem 07.01.2026 ist eine R\u00fcckerstattung der Teilnahmegeb\u00fchr nicht mehr m\u00f6glich. Es empfiehlt sich, eine Reiser\u00fccktrittskostenversicherung abzuschlie\u00dfen. Die Teilnahme an den praktischen Sportangeboten beinhaltet nicht das Bereitstellen der Sportger\u00e4te.<\/p>\n<p>Die verbindliche Anmeldung erfolgt durch online-Anmeldung (www.sportmedizin-kurse.de) und \u00dcberweisung der Kursgeb\u00fchren auf das unten genannte Konto unter dem Stichwort \u201eWinterkurs 2026\u201c.&nbsp; Eine Anmeldebest\u00e4tigung erfolgt unmittelbar per e-mail, eine weitere schriftliche Best\u00e4tigung gibt es nicht.<\/p>\n<p>Bankverbindung<br>Bank Commerzbank<br>IBAN DE50 5004 0000 0415 6329 00<br>BIC COBADEFFXXX<\/p>\n<p>&nbsp;<\/p>\n","protected":false},"excerpt":{"rendered":"<p>Anmeldebedingungen Bei R\u00fccktritt bis zum 07.01.2026 erlauben wir uns eine Bearbeitungsgeb\u00fchr von 50,- \u20ac zu erheben. Bei R\u00fccktritt nach dem&hellip; <a class=\"read-more\" href=\"https:\/\/sportmedizin-kurse.de\/?page_id=953\">Weiterlesen <span class=\"screen-reader-text\">Anmeldung Winterkurs 2026 GESCHLOSSEN<\/span><\/a><\/p>\n","protected":false},"author":1,"featured_media":0,"parent":0,"menu_order":0,"comment_status":"closed","ping_status":"closed","template":"","meta":{"_bbp_topic_count":0,"_bbp_reply_count":0,"_bbp_total_topic_count":0,"_bbp_total_reply_count":0,"_bbp_voice_count":0,"_bbp_anonymous_reply_count":0,"_bbp_topic_count_hidden":0,"_bbp_reply_count_hidden":0,"_bbp_forum_subforum_count":0,"ngg_post_thumbnail":0,"footnotes":""},"class_list":["post-953","page","type-page","status-publish","hentry"],"yoast_head":"<!-- This site is optimized with the Yoast SEO plugin v27.4 - https:\/\/yoast.com\/product\/yoast-seo-wordpress\/ -->\n<title>Sommerkurs\/Winterkurs Sportmedizin Garmisch-Partenkirchen<\/title>\n<meta name=\"description\" content=\"Sportmedizin in Garmisch Partenkirchen. Mit workshops, live-demos und hands-on-Kursen. Sportpraxis: Skifahren,off-piste,MTB,Klettersteig,Biathlon,Tennis.\" \/>\n<meta name=\"robots\" content=\"index, follow, max-snippet:-1, max-image-preview:large, max-video-preview:-1\" \/>\n<link rel=\"canonical\" href=\"https:\/\/sportmedizin-kurse.de\/?page_id=953\" \/>\n<meta property=\"og:locale\" content=\"de_DE\" \/>\n<meta property=\"og:type\" content=\"article\" \/>\n<meta property=\"og:title\" content=\"Sommerkurs\/Winterkurs Sportmedizin Garmisch-Partenkirchen\" \/>\n<meta property=\"og:description\" content=\"Sportmedizin in Garmisch Partenkirchen. Mit workshops, live-demos und hands-on-Kursen. Sportpraxis: Skifahren,off-piste,MTB,Klettersteig,Biathlon,Tennis.\" \/>\n<meta property=\"og:url\" content=\"https:\/\/sportmedizin-kurse.de\/?page_id=953\" \/>\n<meta property=\"og:site_name\" content=\"Sportmedizin-Kurse\" \/>\n<meta property=\"article:publisher\" content=\"https:\/\/www.facebook.com\/Sportmedizin-Kurse-334840526557339\/?ref=settings\" \/>\n<meta property=\"article:modified_time\" content=\"2026-02-10T17:35:59+00:00\" \/>\n<meta property=\"og:image\" content=\"https:\/\/sportmedizin-kurse.de\/wp-content\/uploads\/2021\/07\/wInterkurs-2022.png\" \/>\n\t<meta property=\"og:image:width\" content=\"820\" \/>\n\t<meta property=\"og:image:height\" content=\"312\" \/>\n\t<meta property=\"og:image:type\" content=\"image\/png\" \/>\n<meta name=\"twitter:card\" content=\"summary_large_image\" \/>\n<meta name=\"twitter:label1\" content=\"Gesch\u00e4tzte Lesezeit\" \/>\n\t<meta name=\"twitter:data1\" content=\"1\u00a0Minute\" \/>\n<script type=\"application\/ld+json\" class=\"yoast-schema-graph\">{\"@context\":\"https:\\\/\\\/schema.org\",\"@graph\":[{\"@type\":\"WebPage\",\"@id\":\"https:\\\/\\\/sportmedizin-kurse.de\\\/?page_id=953\",\"url\":\"https:\\\/\\\/sportmedizin-kurse.de\\\/?page_id=953\",\"name\":\"Sommerkurs\\\/Winterkurs Sportmedizin Garmisch-Partenkirchen\",\"isPartOf\":{\"@id\":\"https:\\\/\\\/sportmedizin-kurse.de\\\/#website\"},\"datePublished\":\"2020-09-23T14:26:01+00:00\",\"dateModified\":\"2026-02-10T17:35:59+00:00\",\"description\":\"Sportmedizin in Garmisch Partenkirchen. Mit workshops, live-demos und hands-on-Kursen. Sportpraxis: Skifahren,off-piste,MTB,Klettersteig,Biathlon,Tennis.\",\"breadcrumb\":{\"@id\":\"https:\\\/\\\/sportmedizin-kurse.de\\\/?page_id=953#breadcrumb\"},\"inLanguage\":\"de\",\"potentialAction\":[{\"@type\":\"ReadAction\",\"target\":[\"https:\\\/\\\/sportmedizin-kurse.de\\\/?page_id=953\"]}]},{\"@type\":\"BreadcrumbList\",\"@id\":\"https:\\\/\\\/sportmedizin-kurse.de\\\/?page_id=953#breadcrumb\",\"itemListElement\":[{\"@type\":\"ListItem\",\"position\":1,\"name\":\"Startseite\",\"item\":\"https:\\\/\\\/sportmedizin-kurse.de\\\/\"},{\"@type\":\"ListItem\",\"position\":2,\"name\":\"Anmeldung Winterkurs 2026 GESCHLOSSEN\"}]},{\"@type\":\"WebSite\",\"@id\":\"https:\\\/\\\/sportmedizin-kurse.de\\\/#website\",\"url\":\"https:\\\/\\\/sportmedizin-kurse.de\\\/\",\"name\":\"Sportmedizin-Kurse\",\"description\":\"Sportmedizinkurs Garmisch-Partenkirchen\",\"publisher\":{\"@id\":\"https:\\\/\\\/sportmedizin-kurse.de\\\/#organization\"},\"potentialAction\":[{\"@type\":\"SearchAction\",\"target\":{\"@type\":\"EntryPoint\",\"urlTemplate\":\"https:\\\/\\\/sportmedizin-kurse.de\\\/?s={search_term_string}\"},\"query-input\":{\"@type\":\"PropertyValueSpecification\",\"valueRequired\":true,\"valueName\":\"search_term_string\"}}],\"inLanguage\":\"de\"},{\"@type\":\"Organization\",\"@id\":\"https:\\\/\\\/sportmedizin-kurse.de\\\/#organization\",\"name\":\"Sportmedizin Garmisch-Partenkirchen\",\"url\":\"https:\\\/\\\/sportmedizin-kurse.de\\\/\",\"logo\":{\"@type\":\"ImageObject\",\"inLanguage\":\"de\",\"@id\":\"https:\\\/\\\/sportmedizin-kurse.de\\\/#\\\/schema\\\/logo\\\/image\\\/\",\"url\":\"https:\\\/\\\/sportmedizin-kurse.de\\\/wp-content\\\/uploads\\\/2018\\\/01\\\/logo-WSGP-3D.jpg\",\"contentUrl\":\"https:\\\/\\\/sportmedizin-kurse.de\\\/wp-content\\\/uploads\\\/2018\\\/01\\\/logo-WSGP-3D.jpg\",\"width\":1904,\"height\":1216,\"caption\":\"Sportmedizin Garmisch-Partenkirchen\"},\"image\":{\"@id\":\"https:\\\/\\\/sportmedizin-kurse.de\\\/#\\\/schema\\\/logo\\\/image\\\/\"},\"sameAs\":[\"https:\\\/\\\/www.facebook.com\\\/Sportmedizin-Kurse-334840526557339\\\/?ref=settings\"]}]}<\/script>\n<!-- \/ Yoast SEO plugin. -->","yoast_head_json":{"title":"Sommerkurs\/Winterkurs Sportmedizin Garmisch-Partenkirchen","description":"Sportmedizin in Garmisch Partenkirchen. Mit workshops, live-demos und hands-on-Kursen. Sportpraxis: Skifahren,off-piste,MTB,Klettersteig,Biathlon,Tennis.","robots":{"index":"index","follow":"follow","max-snippet":"max-snippet:-1","max-image-preview":"max-image-preview:large","max-video-preview":"max-video-preview:-1"},"canonical":"https:\/\/sportmedizin-kurse.de\/?page_id=953","og_locale":"de_DE","og_type":"article","og_title":"Sommerkurs\/Winterkurs Sportmedizin Garmisch-Partenkirchen","og_description":"Sportmedizin in Garmisch Partenkirchen. Mit workshops, live-demos und hands-on-Kursen. Sportpraxis: Skifahren,off-piste,MTB,Klettersteig,Biathlon,Tennis.","og_url":"https:\/\/sportmedizin-kurse.de\/?page_id=953","og_site_name":"Sportmedizin-Kurse","article_publisher":"https:\/\/www.facebook.com\/Sportmedizin-Kurse-334840526557339\/?ref=settings","article_modified_time":"2026-02-10T17:35:59+00:00","og_image":[{"width":820,"height":312,"url":"https:\/\/sportmedizin-kurse.de\/wp-content\/uploads\/2021\/07\/wInterkurs-2022.png","type":"image\/png"}],"twitter_card":"summary_large_image","twitter_misc":{"Gesch\u00e4tzte Lesezeit":"1\u00a0Minute"},"schema":{"@context":"https:\/\/schema.org","@graph":[{"@type":"WebPage","@id":"https:\/\/sportmedizin-kurse.de\/?page_id=953","url":"https:\/\/sportmedizin-kurse.de\/?page_id=953","name":"Sommerkurs\/Winterkurs Sportmedizin Garmisch-Partenkirchen","isPartOf":{"@id":"https:\/\/sportmedizin-kurse.de\/#website"},"datePublished":"2020-09-23T14:26:01+00:00","dateModified":"2026-02-10T17:35:59+00:00","description":"Sportmedizin in Garmisch Partenkirchen. Mit workshops, live-demos und hands-on-Kursen. Sportpraxis: Skifahren,off-piste,MTB,Klettersteig,Biathlon,Tennis.","breadcrumb":{"@id":"https:\/\/sportmedizin-kurse.de\/?page_id=953#breadcrumb"},"inLanguage":"de","potentialAction":[{"@type":"ReadAction","target":["https:\/\/sportmedizin-kurse.de\/?page_id=953"]}]},{"@type":"BreadcrumbList","@id":"https:\/\/sportmedizin-kurse.de\/?page_id=953#breadcrumb","itemListElement":[{"@type":"ListItem","position":1,"name":"Startseite","item":"https:\/\/sportmedizin-kurse.de\/"},{"@type":"ListItem","position":2,"name":"Anmeldung Winterkurs 2026 GESCHLOSSEN"}]},{"@type":"WebSite","@id":"https:\/\/sportmedizin-kurse.de\/#website","url":"https:\/\/sportmedizin-kurse.de\/","name":"Sportmedizin-Kurse","description":"Sportmedizinkurs Garmisch-Partenkirchen","publisher":{"@id":"https:\/\/sportmedizin-kurse.de\/#organization"},"potentialAction":[{"@type":"SearchAction","target":{"@type":"EntryPoint","urlTemplate":"https:\/\/sportmedizin-kurse.de\/?s={search_term_string}"},"query-input":{"@type":"PropertyValueSpecification","valueRequired":true,"valueName":"search_term_string"}}],"inLanguage":"de"},{"@type":"Organization","@id":"https:\/\/sportmedizin-kurse.de\/#organization","name":"Sportmedizin Garmisch-Partenkirchen","url":"https:\/\/sportmedizin-kurse.de\/","logo":{"@type":"ImageObject","inLanguage":"de","@id":"https:\/\/sportmedizin-kurse.de\/#\/schema\/logo\/image\/","url":"https:\/\/sportmedizin-kurse.de\/wp-content\/uploads\/2018\/01\/logo-WSGP-3D.jpg","contentUrl":"https:\/\/sportmedizin-kurse.de\/wp-content\/uploads\/2018\/01\/logo-WSGP-3D.jpg","width":1904,"height":1216,"caption":"Sportmedizin Garmisch-Partenkirchen"},"image":{"@id":"https:\/\/sportmedizin-kurse.de\/#\/schema\/logo\/image\/"},"sameAs":["https:\/\/www.facebook.com\/Sportmedizin-Kurse-334840526557339\/?ref=settings"]}]}},"_links":{"self":[{"href":"https:\/\/sportmedizin-kurse.de\/index.php?rest_route=\/wp\/v2\/pages\/953","targetHints":{"allow":["GET"]}}],"collection":[{"href":"https:\/\/sportmedizin-kurse.de\/index.php?rest_route=\/wp\/v2\/pages"}],"about":[{"href":"https:\/\/sportmedizin-kurse.de\/index.php?rest_route=\/wp\/v2\/types\/page"}],"author":[{"embeddable":true,"href":"https:\/\/sportmedizin-kurse.de\/index.php?rest_route=\/wp\/v2\/users\/1"}],"replies":[{"embeddable":true,"href":"https:\/\/sportmedizin-kurse.de\/index.php?rest_route=%2Fwp%2Fv2%2Fcomments&post=953"}],"version-history":[{"count":19,"href":"https:\/\/sportmedizin-kurse.de\/index.php?rest_route=\/wp\/v2\/pages\/953\/revisions"}],"predecessor-version":[{"id":1937,"href":"https:\/\/sportmedizin-kurse.de\/index.php?rest_route=\/wp\/v2\/pages\/953\/revisions\/1937"}],"wp:attachment":[{"href":"https:\/\/sportmedizin-kurse.de\/index.php?rest_route=%2Fwp%2Fv2%2Fmedia&parent=953"}],"curies":[{"name":"wp","href":"https:\/\/api.w.org\/{rel}","templated":true}]}}