{"id":555,"date":"2018-11-30T20:53:37","date_gmt":"2018-11-30T20:53:37","guid":{"rendered":"http:\/\/sportmedizin-kurse.de\/?page_id=555"},"modified":"2026-01-28T06:04:18","modified_gmt":"2026-01-28T06:04:18","slug":"winterkurs","status":"publish","type":"page","link":"https:\/\/sportmedizin-kurse.de\/?page_id=555","title":{"rendered":"Winterkurs"},"content":{"rendered":"<p>Das Programm f\u00fcr den Winterkurs 2026 ist online (Fortbildungspunkte bei der hessischen LAEK beantragt):\u00a0<\/p>\n<p><a href=\"https:\/\/sportmedizin-kurse.de\/wp-content\/uploads\/2026\/01\/WSGP-2026-Programm-Modul-Version-1.pdf\">Winterkurs 2026<\/a><\/p>\n<p><b>Ausrichter<\/b><br \/>Sportmedizin Garmisch-Partenkirchen Gbr<br \/><b><\/b><\/p>\n<p><b>Leitung\u00a0<\/b><br \/>Dr. med. Dipl. Sportwiss. Lutz Nitsche,\u00a0Bj\u00f6rn Michel<\/p>\n<p><strong>Lehrgangsort<\/strong><\/p>\n<p>Freizeitbetriebe Tiroler Zugspitze GmbH &amp; Co.KG<br \/>Zugspitzsaal<span class=\"Apple-converted-space\">\u00a0<\/span><\/p>\n<p>Hauptstra\u00dfe 21<br \/>A-6632 Ehrwald \/ Tirol<\/p>\n<p><span style=\"color: #000000;\"><b>Zertifizierung<\/b><\/span><br \/><span style=\"color: #000000;\">Zertifizierung der \u00f6sterreichischen und der hessischen L\u00c4K, als CME-Fortbildung<\/span><\/p>\n<p>Weiterbildung zum Sportmediziner nach dem Kurrikulum der DGSP: Module 6, 8, 9 und 11 (beantragt)<\/p>\n<p><span style=\"color: #000000;\"><strong>Weitere Informationen<\/strong><\/span><br \/><span style=\"color: #000000;\">Lisa Steiner\u00a0<\/span><br \/><span style=\"color: #000000;\">Telefon \u00a0 \u00a0 \u00a0+491748207568<\/span><br \/><span style=\"color: #000000;\">e-mail: lisa.pleyer@sportmedizin-kurse.de<\/span><\/p>\n<p><span style=\"color: #000000;\"><strong>Unterbringung<\/strong><\/span><\/p>\n<p>F\u00fcr eine entspannte Suche nach einer passenden Unterkunft schaut doch am besten auf unsere Anbieter-Liste unter dem Reiter \u201eNews\u201c.<span class=\"Apple-converted-space\">\u00a0<\/span><\/p>\n<p>Alternativ erreicht Ihr das Touristenb\u00fcro Ehrwald telefonisch unter <a href=\"tel:+43567320000\">+43567320000<\/a> oder per mail unter: <a href=\"mailto:info@zugspitzarena.com\">info@zugspitzarena.com<\/a><\/p>\n<p>Wer selbst suchen will, kommt hier weiter:<span class=\"Apple-converted-space\">\u00a0<\/span><\/p>\n<p><a href=\"https:\/\/zugspitzarena.com\/de\/Unterkuenfte-Tickets\/Suchen-Buchen\/unterkuenfte\">https:\/\/zugspitzarena.com\/de\/Unterkuenfte-Tickets\/Suchen-Buchen\/unterkuenfte<\/a><\/p>\n<p>Es empfiehlt sich, die Buchung rechtzeitig vorzunehmen.<\/p>\n<p><span style=\"color: #000000;\"><strong>Haftung<\/strong><\/span><br \/><span style=\"color: #000000;\">Der Veranstalter haftet nicht f\u00fcr Verluste, Unf\u00e4lle oder Sch\u00e4den an Personen oder Sachen, gleich welchen Ursprungs. Die Lehrgangsteilnehmer\/Innen beteiligen sich auf eigene Gefahr. Die elektronische Anmeldung ist verbindlich. M\u00fcndliche Nebenabsprachen sind unverbindlich, sofern sie nicht schriftlich best\u00e4tigt werden.<\/span><\/p>\n<p><span style=\"color: #000000;\"><b>Sporttauglichkeit<\/b><\/span><\/p>\n<p><span style=\"color: #000000;\">Jeder Teilnehmer\/jede Teilnehmerin ist verpflichtet, haftpflicht- und unfallversichert zu sein. Es wird als selbstverst\u00e4ndlich vorausgesetzt, dass die Teilnehmer\/Innen, die an den praktischen Veranstaltungen teilnehmen, gesund sind und sich k\u00f6rperlich vorbereitet haben.<\/span><\/p>\n<p><span style=\"color: #000000;\"><b>Sportpraxis (\u201eSportmedizinische Aspekte des Sports\u201c)\u00a0<\/b><\/span><\/p>\n<p><span style=\"color: #000000;\">In den einzelnen Stunden werden die Inhalte gem\u00e4\u00df den DGSP-Vorgaben der ausgeschrieben Module vermittelt. <\/span><\/p>\n\n\n<p><\/p>\n","protected":false},"excerpt":{"rendered":"<p>Das Programm f\u00fcr den Winterkurs 2026 ist online (Fortbildungspunkte bei der hessischen LAEK beantragt):\u00a0 Winterkurs 2026 AusrichterSportmedizin Garmisch-Partenkirchen Gbr Leitung\u00a0Dr.&hellip; <a class=\"read-more\" href=\"https:\/\/sportmedizin-kurse.de\/?page_id=555\">Weiterlesen <span class=\"screen-reader-text\">Winterkurs<\/span><\/a><\/p>\n","protected":false},"author":1,"featured_media":0,"parent":0,"menu_order":0,"comment_status":"closed","ping_status":"closed","template":"","meta":{"_bbp_topic_count":0,"_bbp_reply_count":0,"_bbp_total_topic_count":0,"_bbp_total_reply_count":0,"_bbp_voice_count":0,"_bbp_anonymous_reply_count":0,"_bbp_topic_count_hidden":0,"_bbp_reply_count_hidden":0,"_bbp_forum_subforum_count":0,"ngg_post_thumbnail":0,"footnotes":""},"class_list":["post-555","page","type-page","status-publish","hentry"],"yoast_head":"<!-- This site is optimized with the Yoast SEO plugin v27.4 - https:\/\/yoast.com\/product\/yoast-seo-wordpress\/ -->\n<title>Sommerkurs\/Winterkurs Sportmedizin Garmisch-Partenkirchen<\/title>\n<meta name=\"description\" content=\"Sportmedizin in Garmisch Partenkirchen. Mit workshops, live-demos und hands-on-Kursen. Sportpraxis: Skifahren,off-piste,MTB,Klettersteig,Biathlon,Tennis.\" \/>\n<meta name=\"robots\" content=\"index, follow, max-snippet:-1, max-image-preview:large, max-video-preview:-1\" \/>\n<link rel=\"canonical\" href=\"https:\/\/sportmedizin-kurse.de\/?page_id=555\" \/>\n<meta property=\"og:locale\" content=\"de_DE\" \/>\n<meta property=\"og:type\" content=\"article\" \/>\n<meta property=\"og:title\" content=\"Sommerkurs\/Winterkurs Sportmedizin Garmisch-Partenkirchen\" \/>\n<meta property=\"og:description\" content=\"Sportmedizin in Garmisch Partenkirchen. Mit workshops, live-demos und hands-on-Kursen. Sportpraxis: Skifahren,off-piste,MTB,Klettersteig,Biathlon,Tennis.\" \/>\n<meta property=\"og:url\" content=\"https:\/\/sportmedizin-kurse.de\/?page_id=555\" \/>\n<meta property=\"og:site_name\" content=\"Sportmedizin-Kurse\" \/>\n<meta property=\"article:publisher\" content=\"https:\/\/www.facebook.com\/Sportmedizin-Kurse-334840526557339\/?ref=settings\" \/>\n<meta property=\"article:modified_time\" content=\"2026-01-28T06:04:18+00:00\" \/>\n<meta property=\"og:image\" content=\"https:\/\/sportmedizin-kurse.de\/wp-content\/uploads\/2021\/07\/wInterkurs-2022.png\" \/>\n\t<meta property=\"og:image:width\" content=\"820\" \/>\n\t<meta property=\"og:image:height\" content=\"312\" \/>\n\t<meta property=\"og:image:type\" content=\"image\/png\" \/>\n<meta name=\"twitter:card\" content=\"summary_large_image\" \/>\n<meta name=\"twitter:label1\" content=\"Gesch\u00e4tzte Lesezeit\" \/>\n\t<meta name=\"twitter:data1\" content=\"2\u00a0Minuten\" \/>\n<script type=\"application\/ld+json\" class=\"yoast-schema-graph\">{\"@context\":\"https:\\\/\\\/schema.org\",\"@graph\":[{\"@type\":\"WebPage\",\"@id\":\"https:\\\/\\\/sportmedizin-kurse.de\\\/?page_id=555\",\"url\":\"https:\\\/\\\/sportmedizin-kurse.de\\\/?page_id=555\",\"name\":\"Sommerkurs\\\/Winterkurs Sportmedizin Garmisch-Partenkirchen\",\"isPartOf\":{\"@id\":\"https:\\\/\\\/sportmedizin-kurse.de\\\/#website\"},\"datePublished\":\"2018-11-30T20:53:37+00:00\",\"dateModified\":\"2026-01-28T06:04:18+00:00\",\"description\":\"Sportmedizin in Garmisch Partenkirchen. Mit workshops, live-demos und hands-on-Kursen. Sportpraxis: Skifahren,off-piste,MTB,Klettersteig,Biathlon,Tennis.\",\"breadcrumb\":{\"@id\":\"https:\\\/\\\/sportmedizin-kurse.de\\\/?page_id=555#breadcrumb\"},\"inLanguage\":\"de\",\"potentialAction\":[{\"@type\":\"ReadAction\",\"target\":[\"https:\\\/\\\/sportmedizin-kurse.de\\\/?page_id=555\"]}]},{\"@type\":\"BreadcrumbList\",\"@id\":\"https:\\\/\\\/sportmedizin-kurse.de\\\/?page_id=555#breadcrumb\",\"itemListElement\":[{\"@type\":\"ListItem\",\"position\":1,\"name\":\"Startseite\",\"item\":\"https:\\\/\\\/sportmedizin-kurse.de\\\/\"},{\"@type\":\"ListItem\",\"position\":2,\"name\":\"Winterkurs\"}]},{\"@type\":\"WebSite\",\"@id\":\"https:\\\/\\\/sportmedizin-kurse.de\\\/#website\",\"url\":\"https:\\\/\\\/sportmedizin-kurse.de\\\/\",\"name\":\"Sportmedizin-Kurse\",\"description\":\"Sportmedizinkurs Garmisch-Partenkirchen\",\"publisher\":{\"@id\":\"https:\\\/\\\/sportmedizin-kurse.de\\\/#organization\"},\"potentialAction\":[{\"@type\":\"SearchAction\",\"target\":{\"@type\":\"EntryPoint\",\"urlTemplate\":\"https:\\\/\\\/sportmedizin-kurse.de\\\/?s={search_term_string}\"},\"query-input\":{\"@type\":\"PropertyValueSpecification\",\"valueRequired\":true,\"valueName\":\"search_term_string\"}}],\"inLanguage\":\"de\"},{\"@type\":\"Organization\",\"@id\":\"https:\\\/\\\/sportmedizin-kurse.de\\\/#organization\",\"name\":\"Sportmedizin Garmisch-Partenkirchen\",\"url\":\"https:\\\/\\\/sportmedizin-kurse.de\\\/\",\"logo\":{\"@type\":\"ImageObject\",\"inLanguage\":\"de\",\"@id\":\"https:\\\/\\\/sportmedizin-kurse.de\\\/#\\\/schema\\\/logo\\\/image\\\/\",\"url\":\"https:\\\/\\\/sportmedizin-kurse.de\\\/wp-content\\\/uploads\\\/2018\\\/01\\\/logo-WSGP-3D.jpg\",\"contentUrl\":\"https:\\\/\\\/sportmedizin-kurse.de\\\/wp-content\\\/uploads\\\/2018\\\/01\\\/logo-WSGP-3D.jpg\",\"width\":1904,\"height\":1216,\"caption\":\"Sportmedizin Garmisch-Partenkirchen\"},\"image\":{\"@id\":\"https:\\\/\\\/sportmedizin-kurse.de\\\/#\\\/schema\\\/logo\\\/image\\\/\"},\"sameAs\":[\"https:\\\/\\\/www.facebook.com\\\/Sportmedizin-Kurse-334840526557339\\\/?ref=settings\"]}]}<\/script>\n<!-- \/ Yoast SEO plugin. -->","yoast_head_json":{"title":"Sommerkurs\/Winterkurs Sportmedizin Garmisch-Partenkirchen","description":"Sportmedizin in Garmisch Partenkirchen. Mit workshops, live-demos und hands-on-Kursen. Sportpraxis: Skifahren,off-piste,MTB,Klettersteig,Biathlon,Tennis.","robots":{"index":"index","follow":"follow","max-snippet":"max-snippet:-1","max-image-preview":"max-image-preview:large","max-video-preview":"max-video-preview:-1"},"canonical":"https:\/\/sportmedizin-kurse.de\/?page_id=555","og_locale":"de_DE","og_type":"article","og_title":"Sommerkurs\/Winterkurs Sportmedizin Garmisch-Partenkirchen","og_description":"Sportmedizin in Garmisch Partenkirchen. Mit workshops, live-demos und hands-on-Kursen. Sportpraxis: Skifahren,off-piste,MTB,Klettersteig,Biathlon,Tennis.","og_url":"https:\/\/sportmedizin-kurse.de\/?page_id=555","og_site_name":"Sportmedizin-Kurse","article_publisher":"https:\/\/www.facebook.com\/Sportmedizin-Kurse-334840526557339\/?ref=settings","article_modified_time":"2026-01-28T06:04:18+00:00","og_image":[{"width":820,"height":312,"url":"https:\/\/sportmedizin-kurse.de\/wp-content\/uploads\/2021\/07\/wInterkurs-2022.png","type":"image\/png"}],"twitter_card":"summary_large_image","twitter_misc":{"Gesch\u00e4tzte Lesezeit":"2\u00a0Minuten"},"schema":{"@context":"https:\/\/schema.org","@graph":[{"@type":"WebPage","@id":"https:\/\/sportmedizin-kurse.de\/?page_id=555","url":"https:\/\/sportmedizin-kurse.de\/?page_id=555","name":"Sommerkurs\/Winterkurs Sportmedizin Garmisch-Partenkirchen","isPartOf":{"@id":"https:\/\/sportmedizin-kurse.de\/#website"},"datePublished":"2018-11-30T20:53:37+00:00","dateModified":"2026-01-28T06:04:18+00:00","description":"Sportmedizin in Garmisch Partenkirchen. Mit workshops, live-demos und hands-on-Kursen. Sportpraxis: Skifahren,off-piste,MTB,Klettersteig,Biathlon,Tennis.","breadcrumb":{"@id":"https:\/\/sportmedizin-kurse.de\/?page_id=555#breadcrumb"},"inLanguage":"de","potentialAction":[{"@type":"ReadAction","target":["https:\/\/sportmedizin-kurse.de\/?page_id=555"]}]},{"@type":"BreadcrumbList","@id":"https:\/\/sportmedizin-kurse.de\/?page_id=555#breadcrumb","itemListElement":[{"@type":"ListItem","position":1,"name":"Startseite","item":"https:\/\/sportmedizin-kurse.de\/"},{"@type":"ListItem","position":2,"name":"Winterkurs"}]},{"@type":"WebSite","@id":"https:\/\/sportmedizin-kurse.de\/#website","url":"https:\/\/sportmedizin-kurse.de\/","name":"Sportmedizin-Kurse","description":"Sportmedizinkurs Garmisch-Partenkirchen","publisher":{"@id":"https:\/\/sportmedizin-kurse.de\/#organization"},"potentialAction":[{"@type":"SearchAction","target":{"@type":"EntryPoint","urlTemplate":"https:\/\/sportmedizin-kurse.de\/?s={search_term_string}"},"query-input":{"@type":"PropertyValueSpecification","valueRequired":true,"valueName":"search_term_string"}}],"inLanguage":"de"},{"@type":"Organization","@id":"https:\/\/sportmedizin-kurse.de\/#organization","name":"Sportmedizin Garmisch-Partenkirchen","url":"https:\/\/sportmedizin-kurse.de\/","logo":{"@type":"ImageObject","inLanguage":"de","@id":"https:\/\/sportmedizin-kurse.de\/#\/schema\/logo\/image\/","url":"https:\/\/sportmedizin-kurse.de\/wp-content\/uploads\/2018\/01\/logo-WSGP-3D.jpg","contentUrl":"https:\/\/sportmedizin-kurse.de\/wp-content\/uploads\/2018\/01\/logo-WSGP-3D.jpg","width":1904,"height":1216,"caption":"Sportmedizin Garmisch-Partenkirchen"},"image":{"@id":"https:\/\/sportmedizin-kurse.de\/#\/schema\/logo\/image\/"},"sameAs":["https:\/\/www.facebook.com\/Sportmedizin-Kurse-334840526557339\/?ref=settings"]}]}},"_links":{"self":[{"href":"https:\/\/sportmedizin-kurse.de\/index.php?rest_route=\/wp\/v2\/pages\/555","targetHints":{"allow":["GET"]}}],"collection":[{"href":"https:\/\/sportmedizin-kurse.de\/index.php?rest_route=\/wp\/v2\/pages"}],"about":[{"href":"https:\/\/sportmedizin-kurse.de\/index.php?rest_route=\/wp\/v2\/types\/page"}],"author":[{"embeddable":true,"href":"https:\/\/sportmedizin-kurse.de\/index.php?rest_route=\/wp\/v2\/users\/1"}],"replies":[{"embeddable":true,"href":"https:\/\/sportmedizin-kurse.de\/index.php?rest_route=%2Fwp%2Fv2%2Fcomments&post=555"}],"version-history":[{"count":105,"href":"https:\/\/sportmedizin-kurse.de\/index.php?rest_route=\/wp\/v2\/pages\/555\/revisions"}],"predecessor-version":[{"id":1927,"href":"https:\/\/sportmedizin-kurse.de\/index.php?rest_route=\/wp\/v2\/pages\/555\/revisions\/1927"}],"wp:attachment":[{"href":"https:\/\/sportmedizin-kurse.de\/index.php?rest_route=%2Fwp%2Fv2%2Fmedia&parent=555"}],"curies":[{"name":"wp","href":"https:\/\/api.w.org\/{rel}","templated":true}]}}