{"id":52,"date":"2017-09-11T19:18:46","date_gmt":"2017-09-11T19:18:46","guid":{"rendered":"http:\/\/sportmedizin-kurse.de\/?page_id=52"},"modified":"2026-02-12T20:02:32","modified_gmt":"2026-02-12T20:02:32","slug":"anmeldung","status":"publish","type":"page","link":"https:\/\/sportmedizin-kurse.de\/?page_id=52","title":{"rendered":"Anmeldung Sommerkurs"},"content":{"rendered":"<div id='wufoo-m1bmybyf1i0jhb7'>\nFill out my <a href='https:\/\/lumpi.wufoo.com\/forms\/m1bmybyf1i0jhb7'>online form<\/a>.\n<\/div>\n<script type='text\/javascript'>var m1bmybyf1i0jhb7;(function(d, t) {\nvar s = d.createElement(t), options = {\n'userName'      : 'lumpi',    \n'formHash'      : 'm1bmybyf1i0jhb7',    \n'autoResize'    :  true,   \n'height'        : '1643',      \n'async'         :  true,          \n'header'        : 'show',      \n'host'          : 'wufoo.com',    \n'entSource'     : 'wordpress',   \n'defaultValues' : ''     \n,'ssl'          :  1           };\ns.src = ('https:' == d.location.protocol ? 'https:\/\/' : 'http:\/\/') + 'secure.wufoo.com\/scripts\/embed\/form.js';\ns.onload = s.onreadystatechange = function() {\nvar rs = this.readyState; if (rs) if (rs != 'complete') if (rs != 'loaded') return;\ntry { m1bmybyf1i0jhb7 = new WufooForm();m1bmybyf1i0jhb7.initialize(options);m1bmybyf1i0jhb7.display(); } catch (e) {}}\nvar scr = d.getElementsByTagName(t)[0], par = scr.parentNode; par.insertBefore(s, scr);\n})(document, 'script');<\/script> <noscript> <iframe height=\"1643\" allowTransparency=\"true\" sandbox=\"allow-top-navigation allow-scripts allow-popups allow-forms allow-same-origin allow-popups-to-escape-sandbox\" frameborder=\"0\" scrolling=\"no\" style=\"width:100%;border:none;\"src=\"https:\/\/lumpi.wufoo.com\/embed\/m1bmybyf1i0jhb7?entsource=wordpress\"><a href=\"https:\/\/lumpi.wufoo.com\/forms\/m1bmybyf1i0jhb7?entsource=wordpress\" rel=\"nofollow\">Fill out my Wufoo form!<\/a><\/iframe> <\/noscript>\n\n\n\n<p><b>Anmeldebedingungen<\/b><\/p>\n<p>Die verbindliche Anmeldung erfolgt durch online-Anmeldung (<a href=\"https:\/\/www.sportmedizin-kurse.de\">www.sportmedizin-kurse.de<\/a>). Die \u00dcberweisung der Kursgeb\u00fchren bitte auf das unten genannte Konto unter dem Stichwort \u201eSommerkurs 2026\u201c durchf\u00fchren.&nbsp; Eine Anmeldebest\u00e4tigung erfolgt unmittelbar auf der Homepage &nbsp;nach \u00fcbermittelter Anmeldung mit dem Hinweis &#8222;Super! Vielen Dank f\u00fcr Deine Anmeldung!&#8220;. &nbsp;Eine weitere Best\u00e4tigung per e-mail gibt es nicht.&nbsp;<\/p>\n<p>&nbsp;<\/p>\n<p>Bankverbindung<\/p>\n<p>Bank Commerzbank<\/p>\n<p>IBAN DE50 5004 0000 0415 6329 00<\/p>\n<p>BIC COBADEFFXXX&nbsp;&nbsp;&nbsp;&nbsp;<\/p>\n","protected":false},"excerpt":{"rendered":"<p>Anmeldebedingungen Die verbindliche Anmeldung erfolgt durch online-Anmeldung (www.sportmedizin-kurse.de). Die \u00dcberweisung der Kursgeb\u00fchren bitte auf das unten genannte Konto unter dem&hellip; <a class=\"read-more\" href=\"https:\/\/sportmedizin-kurse.de\/?page_id=52\">Weiterlesen <span class=\"screen-reader-text\">Anmeldung Sommerkurs<\/span><\/a><\/p>\n","protected":false},"author":1,"featured_media":0,"parent":0,"menu_order":0,"comment_status":"closed","ping_status":"closed","template":"","meta":{"_bbp_topic_count":0,"_bbp_reply_count":0,"_bbp_total_topic_count":0,"_bbp_total_reply_count":0,"_bbp_voice_count":0,"_bbp_anonymous_reply_count":0,"_bbp_topic_count_hidden":0,"_bbp_reply_count_hidden":0,"_bbp_forum_subforum_count":0,"ngg_post_thumbnail":0,"footnotes":""},"class_list":["post-52","page","type-page","status-publish","hentry"],"yoast_head":"<!-- This site is optimized with the Yoast SEO plugin v27.4 - https:\/\/yoast.com\/product\/yoast-seo-wordpress\/ -->\n<title>Sommerkurs\/Winterkurs Sportmedizin Garmisch-Partenkirchen<\/title>\n<meta name=\"description\" content=\"Anmeldung zum Sommerkurs oder Winterkurs Sportmedizin Garmisch-Partenkirchen anmelden. Weiter zum online-Formular auf Sportmedizin-Kurse\" \/>\n<meta name=\"robots\" content=\"index, follow, max-snippet:-1, max-image-preview:large, max-video-preview:-1\" \/>\n<link rel=\"canonical\" href=\"https:\/\/sportmedizin-kurse.de\/?page_id=52\" \/>\n<meta property=\"og:locale\" content=\"de_DE\" \/>\n<meta property=\"og:type\" content=\"article\" \/>\n<meta property=\"og:title\" content=\"Sommerkurs\/Winterkurs Sportmedizin Garmisch-Partenkirchen\" \/>\n<meta property=\"og:description\" content=\"Anmeldung zum Sommerkurs oder Winterkurs Sportmedizin Garmisch-Partenkirchen anmelden. Weiter zum online-Formular auf Sportmedizin-Kurse\" \/>\n<meta property=\"og:url\" content=\"https:\/\/sportmedizin-kurse.de\/?page_id=52\" \/>\n<meta property=\"og:site_name\" content=\"Sportmedizin-Kurse\" \/>\n<meta property=\"article:publisher\" content=\"https:\/\/www.facebook.com\/Sportmedizin-Kurse-334840526557339\/?ref=settings\" \/>\n<meta property=\"article:modified_time\" content=\"2026-02-12T20:02:32+00:00\" \/>\n<meta property=\"og:image\" content=\"https:\/\/sportmedizin-kurse.de\/wp-content\/uploads\/2021\/07\/wInterkurs-2022.png\" \/>\n\t<meta property=\"og:image:width\" content=\"820\" \/>\n\t<meta property=\"og:image:height\" content=\"312\" \/>\n\t<meta property=\"og:image:type\" content=\"image\/png\" \/>\n<meta name=\"twitter:card\" content=\"summary_large_image\" \/>\n<meta name=\"twitter:label1\" content=\"Gesch\u00e4tzte Lesezeit\" \/>\n\t<meta name=\"twitter:data1\" content=\"1\u00a0Minute\" \/>\n<script type=\"application\/ld+json\" class=\"yoast-schema-graph\">{\"@context\":\"https:\\\/\\\/schema.org\",\"@graph\":[{\"@type\":\"WebPage\",\"@id\":\"https:\\\/\\\/sportmedizin-kurse.de\\\/?page_id=52\",\"url\":\"https:\\\/\\\/sportmedizin-kurse.de\\\/?page_id=52\",\"name\":\"Sommerkurs\\\/Winterkurs Sportmedizin Garmisch-Partenkirchen\",\"isPartOf\":{\"@id\":\"https:\\\/\\\/sportmedizin-kurse.de\\\/#website\"},\"datePublished\":\"2017-09-11T19:18:46+00:00\",\"dateModified\":\"2026-02-12T20:02:32+00:00\",\"description\":\"Anmeldung zum Sommerkurs oder Winterkurs Sportmedizin Garmisch-Partenkirchen anmelden. Weiter zum online-Formular auf Sportmedizin-Kurse\",\"breadcrumb\":{\"@id\":\"https:\\\/\\\/sportmedizin-kurse.de\\\/?page_id=52#breadcrumb\"},\"inLanguage\":\"de\",\"potentialAction\":[{\"@type\":\"ReadAction\",\"target\":[\"https:\\\/\\\/sportmedizin-kurse.de\\\/?page_id=52\"]}]},{\"@type\":\"BreadcrumbList\",\"@id\":\"https:\\\/\\\/sportmedizin-kurse.de\\\/?page_id=52#breadcrumb\",\"itemListElement\":[{\"@type\":\"ListItem\",\"position\":1,\"name\":\"Startseite\",\"item\":\"https:\\\/\\\/sportmedizin-kurse.de\\\/\"},{\"@type\":\"ListItem\",\"position\":2,\"name\":\"Anmeldung Sommerkurs\"}]},{\"@type\":\"WebSite\",\"@id\":\"https:\\\/\\\/sportmedizin-kurse.de\\\/#website\",\"url\":\"https:\\\/\\\/sportmedizin-kurse.de\\\/\",\"name\":\"Sportmedizin-Kurse\",\"description\":\"Sportmedizinkurs Garmisch-Partenkirchen\",\"publisher\":{\"@id\":\"https:\\\/\\\/sportmedizin-kurse.de\\\/#organization\"},\"potentialAction\":[{\"@type\":\"SearchAction\",\"target\":{\"@type\":\"EntryPoint\",\"urlTemplate\":\"https:\\\/\\\/sportmedizin-kurse.de\\\/?s={search_term_string}\"},\"query-input\":{\"@type\":\"PropertyValueSpecification\",\"valueRequired\":true,\"valueName\":\"search_term_string\"}}],\"inLanguage\":\"de\"},{\"@type\":\"Organization\",\"@id\":\"https:\\\/\\\/sportmedizin-kurse.de\\\/#organization\",\"name\":\"Sportmedizin Garmisch-Partenkirchen\",\"url\":\"https:\\\/\\\/sportmedizin-kurse.de\\\/\",\"logo\":{\"@type\":\"ImageObject\",\"inLanguage\":\"de\",\"@id\":\"https:\\\/\\\/sportmedizin-kurse.de\\\/#\\\/schema\\\/logo\\\/image\\\/\",\"url\":\"https:\\\/\\\/sportmedizin-kurse.de\\\/wp-content\\\/uploads\\\/2018\\\/01\\\/logo-WSGP-3D.jpg\",\"contentUrl\":\"https:\\\/\\\/sportmedizin-kurse.de\\\/wp-content\\\/uploads\\\/2018\\\/01\\\/logo-WSGP-3D.jpg\",\"width\":1904,\"height\":1216,\"caption\":\"Sportmedizin Garmisch-Partenkirchen\"},\"image\":{\"@id\":\"https:\\\/\\\/sportmedizin-kurse.de\\\/#\\\/schema\\\/logo\\\/image\\\/\"},\"sameAs\":[\"https:\\\/\\\/www.facebook.com\\\/Sportmedizin-Kurse-334840526557339\\\/?ref=settings\"]}]}<\/script>\n<!-- \/ Yoast SEO plugin. -->","yoast_head_json":{"title":"Sommerkurs\/Winterkurs Sportmedizin Garmisch-Partenkirchen","description":"Anmeldung zum Sommerkurs oder Winterkurs Sportmedizin Garmisch-Partenkirchen anmelden. Weiter zum online-Formular auf Sportmedizin-Kurse","robots":{"index":"index","follow":"follow","max-snippet":"max-snippet:-1","max-image-preview":"max-image-preview:large","max-video-preview":"max-video-preview:-1"},"canonical":"https:\/\/sportmedizin-kurse.de\/?page_id=52","og_locale":"de_DE","og_type":"article","og_title":"Sommerkurs\/Winterkurs Sportmedizin Garmisch-Partenkirchen","og_description":"Anmeldung zum Sommerkurs oder Winterkurs Sportmedizin Garmisch-Partenkirchen anmelden. Weiter zum online-Formular auf Sportmedizin-Kurse","og_url":"https:\/\/sportmedizin-kurse.de\/?page_id=52","og_site_name":"Sportmedizin-Kurse","article_publisher":"https:\/\/www.facebook.com\/Sportmedizin-Kurse-334840526557339\/?ref=settings","article_modified_time":"2026-02-12T20:02:32+00:00","og_image":[{"width":820,"height":312,"url":"https:\/\/sportmedizin-kurse.de\/wp-content\/uploads\/2021\/07\/wInterkurs-2022.png","type":"image\/png"}],"twitter_card":"summary_large_image","twitter_misc":{"Gesch\u00e4tzte Lesezeit":"1\u00a0Minute"},"schema":{"@context":"https:\/\/schema.org","@graph":[{"@type":"WebPage","@id":"https:\/\/sportmedizin-kurse.de\/?page_id=52","url":"https:\/\/sportmedizin-kurse.de\/?page_id=52","name":"Sommerkurs\/Winterkurs Sportmedizin Garmisch-Partenkirchen","isPartOf":{"@id":"https:\/\/sportmedizin-kurse.de\/#website"},"datePublished":"2017-09-11T19:18:46+00:00","dateModified":"2026-02-12T20:02:32+00:00","description":"Anmeldung zum Sommerkurs oder Winterkurs Sportmedizin Garmisch-Partenkirchen anmelden. Weiter zum online-Formular auf Sportmedizin-Kurse","breadcrumb":{"@id":"https:\/\/sportmedizin-kurse.de\/?page_id=52#breadcrumb"},"inLanguage":"de","potentialAction":[{"@type":"ReadAction","target":["https:\/\/sportmedizin-kurse.de\/?page_id=52"]}]},{"@type":"BreadcrumbList","@id":"https:\/\/sportmedizin-kurse.de\/?page_id=52#breadcrumb","itemListElement":[{"@type":"ListItem","position":1,"name":"Startseite","item":"https:\/\/sportmedizin-kurse.de\/"},{"@type":"ListItem","position":2,"name":"Anmeldung Sommerkurs"}]},{"@type":"WebSite","@id":"https:\/\/sportmedizin-kurse.de\/#website","url":"https:\/\/sportmedizin-kurse.de\/","name":"Sportmedizin-Kurse","description":"Sportmedizinkurs Garmisch-Partenkirchen","publisher":{"@id":"https:\/\/sportmedizin-kurse.de\/#organization"},"potentialAction":[{"@type":"SearchAction","target":{"@type":"EntryPoint","urlTemplate":"https:\/\/sportmedizin-kurse.de\/?s={search_term_string}"},"query-input":{"@type":"PropertyValueSpecification","valueRequired":true,"valueName":"search_term_string"}}],"inLanguage":"de"},{"@type":"Organization","@id":"https:\/\/sportmedizin-kurse.de\/#organization","name":"Sportmedizin Garmisch-Partenkirchen","url":"https:\/\/sportmedizin-kurse.de\/","logo":{"@type":"ImageObject","inLanguage":"de","@id":"https:\/\/sportmedizin-kurse.de\/#\/schema\/logo\/image\/","url":"https:\/\/sportmedizin-kurse.de\/wp-content\/uploads\/2018\/01\/logo-WSGP-3D.jpg","contentUrl":"https:\/\/sportmedizin-kurse.de\/wp-content\/uploads\/2018\/01\/logo-WSGP-3D.jpg","width":1904,"height":1216,"caption":"Sportmedizin Garmisch-Partenkirchen"},"image":{"@id":"https:\/\/sportmedizin-kurse.de\/#\/schema\/logo\/image\/"},"sameAs":["https:\/\/www.facebook.com\/Sportmedizin-Kurse-334840526557339\/?ref=settings"]}]}},"_links":{"self":[{"href":"https:\/\/sportmedizin-kurse.de\/index.php?rest_route=\/wp\/v2\/pages\/52","targetHints":{"allow":["GET"]}}],"collection":[{"href":"https:\/\/sportmedizin-kurse.de\/index.php?rest_route=\/wp\/v2\/pages"}],"about":[{"href":"https:\/\/sportmedizin-kurse.de\/index.php?rest_route=\/wp\/v2\/types\/page"}],"author":[{"embeddable":true,"href":"https:\/\/sportmedizin-kurse.de\/index.php?rest_route=\/wp\/v2\/users\/1"}],"replies":[{"embeddable":true,"href":"https:\/\/sportmedizin-kurse.de\/index.php?rest_route=%2Fwp%2Fv2%2Fcomments&post=52"}],"version-history":[{"count":60,"href":"https:\/\/sportmedizin-kurse.de\/index.php?rest_route=\/wp\/v2\/pages\/52\/revisions"}],"predecessor-version":[{"id":1938,"href":"https:\/\/sportmedizin-kurse.de\/index.php?rest_route=\/wp\/v2\/pages\/52\/revisions\/1938"}],"wp:attachment":[{"href":"https:\/\/sportmedizin-kurse.de\/index.php?rest_route=%2Fwp%2Fv2%2Fmedia&parent=52"}],"curies":[{"name":"wp","href":"https:\/\/api.w.org\/{rel}","templated":true}]}}