{"id":47,"date":"2017-09-11T19:17:48","date_gmt":"2017-09-11T19:17:48","guid":{"rendered":"http:\/\/sportmedizin-kurse.de\/?page_id=47"},"modified":"2024-05-28T15:30:20","modified_gmt":"2024-05-28T15:30:20","slug":"home","status":"publish","type":"page","link":"https:\/\/sportmedizin-kurse.de\/","title":{"rendered":"home"},"content":{"rendered":"<p>Liebe sportbegeisterte Medizinerinnen und Mediziner,<\/p>\n<p>wir freuen uns, dass Ihr Euch f\u00fcr unsere Sportmedizin-Kurse interessiert.<\/p>\n<p>Seit vielen Jahren bieten wir Euch jedes Jahr einen Winterkurs und einen Sommerkurs hier bei uns in Garmisch-Partenkirchen an. Unser Ziel ist es dabei, Euch spannende und interessante Vortr\u00e4ge zu pr\u00e4sentieren und gleicherma\u00dfen ein abwechslungsreiches und intensives Sportprogramm.<\/p>\n<p>Gem\u00e4\u00df der neuen Weiterbildungsordnung werden die erforderlichen Kursinhalte zur Erlangung der Zusatzbezeichnung Sportmedizin in f\u00fcnfzehn Modulen vermittelt, die wir Euch in einem zweij\u00e4hrigen Turnus in vier aufeinanderfolgenden, 8-t\u00e4gigen Kurswochen anbieten. So k\u00f6nnt Ihr innerhalb von zwei Jahren alle erforderlichen Theorie- und Praxisstunden bei uns sammeln. Die weiteren Anforderungen (z.B. 120 h Vereinsbetreuung) findet Ihr auf den homepages Eurer Landes\u00e4rztekammern.<\/p>\n<p>Die Fortbildungspunkte k\u00f6nnen gleicherma\u00dfen f\u00fcr Euer Punktekonto zum Erhalt der Facharztbezeichnung genutzt werden. Pro Kurs erhaltet Ihr mindestens 64 Fortbildungspunkte.<\/p>\n<p>Daher freuen wir uns, Euch bei einem oder mehreren unserer Kurse begr\u00fc\u00dfen zu d\u00fcrfen.<\/p>\n<p>Dr. med. Dipl.-Sportwiss. Lutz Nitsche<\/p>\n<p>Bj\u00f6rn Michel<span class=\"Apple-converted-space\">\u00a0<\/span><\/p>\n<p>Dr. med. Tom Bartl<\/p>\n<p>Dr. med. Dipl. Biochem. Jan Wolff<\/p>\n","protected":false},"excerpt":{"rendered":"<p>Liebe sportbegeisterte Medizinerinnen und Mediziner, wir freuen uns, dass Ihr Euch f\u00fcr unsere Sportmedizin-Kurse interessiert. Seit vielen Jahren bieten wir&hellip; <a class=\"read-more\" href=\"https:\/\/sportmedizin-kurse.de\/\">Weiterlesen <span class=\"screen-reader-text\">home<\/span><\/a><\/p>\n","protected":false},"author":1,"featured_media":0,"parent":0,"menu_order":0,"comment_status":"closed","ping_status":"closed","template":"","meta":{"_bbp_topic_count":0,"_bbp_reply_count":0,"_bbp_total_topic_count":0,"_bbp_total_reply_count":0,"_bbp_voice_count":0,"_bbp_anonymous_reply_count":0,"_bbp_topic_count_hidden":0,"_bbp_reply_count_hidden":0,"_bbp_forum_subforum_count":0,"ngg_post_thumbnail":0,"footnotes":""},"class_list":["post-47","page","type-page","status-publish","hentry"],"yoast_head":"<!-- This site is optimized with the Yoast SEO plugin v27.4 - https:\/\/yoast.com\/product\/yoast-seo-wordpress\/ -->\n<title>Sommerkurs\/Winterkurs Sportmedizin Garmisch-Partenkirchen<\/title>\n<meta name=\"description\" content=\"Sportmedizin in Garmisch Partenkirchen. Mit workshops, live-demos und hands-on-Kursen. Sportpraxis: Skifahren,off-piste,MTB,Klettersteig,Biathlon,Tennis.\" \/>\n<meta name=\"robots\" content=\"index, follow, max-snippet:-1, max-image-preview:large, max-video-preview:-1\" \/>\n<link rel=\"canonical\" href=\"https:\/\/sportmedizin-kurse.de\/\" \/>\n<meta property=\"og:locale\" content=\"de_DE\" \/>\n<meta property=\"og:type\" content=\"article\" \/>\n<meta property=\"og:title\" content=\"Sommerkurs\/Winterkurs Sportmedizin Garmisch-Partenkirchen\" \/>\n<meta property=\"og:description\" content=\"Sportmedizin in Garmisch Partenkirchen. Mit workshops, live-demos und hands-on-Kursen. Sportpraxis: Skifahren,off-piste,MTB,Klettersteig,Biathlon,Tennis.\" \/>\n<meta property=\"og:url\" content=\"https:\/\/sportmedizin-kurse.de\/\" \/>\n<meta property=\"og:site_name\" content=\"Sportmedizin-Kurse\" \/>\n<meta property=\"article:publisher\" content=\"https:\/\/www.facebook.com\/Sportmedizin-Kurse-334840526557339\/?ref=settings\" \/>\n<meta property=\"article:modified_time\" content=\"2024-05-28T15:30:20+00:00\" \/>\n<meta property=\"og:image\" content=\"https:\/\/sportmedizin-kurse.de\/wp-content\/uploads\/2022\/01\/Winterkurs-Sportpraxis-YouTube-Thumbnail.png\" \/>\n\t<meta property=\"og:image:width\" content=\"1280\" \/>\n\t<meta property=\"og:image:height\" content=\"720\" \/>\n\t<meta property=\"og:image:type\" content=\"image\/png\" \/>\n<meta name=\"twitter:card\" content=\"summary_large_image\" \/>\n<meta name=\"twitter:label1\" content=\"Gesch\u00e4tzte Lesezeit\" \/>\n\t<meta name=\"twitter:data1\" content=\"1\u00a0Minute\" \/>\n<script type=\"application\/ld+json\" class=\"yoast-schema-graph\">{\"@context\":\"https:\\\/\\\/schema.org\",\"@graph\":[{\"@type\":\"WebPage\",\"@id\":\"https:\\\/\\\/sportmedizin-kurse.de\\\/\",\"url\":\"https:\\\/\\\/sportmedizin-kurse.de\\\/\",\"name\":\"Sommerkurs\\\/Winterkurs Sportmedizin Garmisch-Partenkirchen\",\"isPartOf\":{\"@id\":\"https:\\\/\\\/sportmedizin-kurse.de\\\/#website\"},\"datePublished\":\"2017-09-11T19:17:48+00:00\",\"dateModified\":\"2024-05-28T15:30:20+00:00\",\"description\":\"Sportmedizin in Garmisch Partenkirchen. Mit workshops, live-demos und hands-on-Kursen. Sportpraxis: Skifahren,off-piste,MTB,Klettersteig,Biathlon,Tennis.\",\"breadcrumb\":{\"@id\":\"https:\\\/\\\/sportmedizin-kurse.de\\\/#breadcrumb\"},\"inLanguage\":\"de\",\"potentialAction\":[{\"@type\":\"ReadAction\",\"target\":[\"https:\\\/\\\/sportmedizin-kurse.de\\\/\"]}]},{\"@type\":\"BreadcrumbList\",\"@id\":\"https:\\\/\\\/sportmedizin-kurse.de\\\/#breadcrumb\",\"itemListElement\":[{\"@type\":\"ListItem\",\"position\":1,\"name\":\"Startseite\",\"item\":\"https:\\\/\\\/sportmedizin-kurse.de\\\/\"},{\"@type\":\"ListItem\",\"position\":2,\"name\":\"home\"}]},{\"@type\":\"WebSite\",\"@id\":\"https:\\\/\\\/sportmedizin-kurse.de\\\/#website\",\"url\":\"https:\\\/\\\/sportmedizin-kurse.de\\\/\",\"name\":\"Sportmedizin-Kurse\",\"description\":\"Sportmedizinkurs Garmisch-Partenkirchen\",\"publisher\":{\"@id\":\"https:\\\/\\\/sportmedizin-kurse.de\\\/#organization\"},\"potentialAction\":[{\"@type\":\"SearchAction\",\"target\":{\"@type\":\"EntryPoint\",\"urlTemplate\":\"https:\\\/\\\/sportmedizin-kurse.de\\\/?s={search_term_string}\"},\"query-input\":{\"@type\":\"PropertyValueSpecification\",\"valueRequired\":true,\"valueName\":\"search_term_string\"}}],\"inLanguage\":\"de\"},{\"@type\":\"Organization\",\"@id\":\"https:\\\/\\\/sportmedizin-kurse.de\\\/#organization\",\"name\":\"Sportmedizin Garmisch-Partenkirchen\",\"url\":\"https:\\\/\\\/sportmedizin-kurse.de\\\/\",\"logo\":{\"@type\":\"ImageObject\",\"inLanguage\":\"de\",\"@id\":\"https:\\\/\\\/sportmedizin-kurse.de\\\/#\\\/schema\\\/logo\\\/image\\\/\",\"url\":\"https:\\\/\\\/sportmedizin-kurse.de\\\/wp-content\\\/uploads\\\/2018\\\/01\\\/logo-WSGP-3D.jpg\",\"contentUrl\":\"https:\\\/\\\/sportmedizin-kurse.de\\\/wp-content\\\/uploads\\\/2018\\\/01\\\/logo-WSGP-3D.jpg\",\"width\":1904,\"height\":1216,\"caption\":\"Sportmedizin Garmisch-Partenkirchen\"},\"image\":{\"@id\":\"https:\\\/\\\/sportmedizin-kurse.de\\\/#\\\/schema\\\/logo\\\/image\\\/\"},\"sameAs\":[\"https:\\\/\\\/www.facebook.com\\\/Sportmedizin-Kurse-334840526557339\\\/?ref=settings\"]}]}<\/script>\n<!-- \/ Yoast SEO plugin. -->","yoast_head_json":{"title":"Sommerkurs\/Winterkurs Sportmedizin Garmisch-Partenkirchen","description":"Sportmedizin in Garmisch Partenkirchen. Mit workshops, live-demos und hands-on-Kursen. Sportpraxis: Skifahren,off-piste,MTB,Klettersteig,Biathlon,Tennis.","robots":{"index":"index","follow":"follow","max-snippet":"max-snippet:-1","max-image-preview":"max-image-preview:large","max-video-preview":"max-video-preview:-1"},"canonical":"https:\/\/sportmedizin-kurse.de\/","og_locale":"de_DE","og_type":"article","og_title":"Sommerkurs\/Winterkurs Sportmedizin Garmisch-Partenkirchen","og_description":"Sportmedizin in Garmisch Partenkirchen. Mit workshops, live-demos und hands-on-Kursen. Sportpraxis: Skifahren,off-piste,MTB,Klettersteig,Biathlon,Tennis.","og_url":"https:\/\/sportmedizin-kurse.de\/","og_site_name":"Sportmedizin-Kurse","article_publisher":"https:\/\/www.facebook.com\/Sportmedizin-Kurse-334840526557339\/?ref=settings","article_modified_time":"2024-05-28T15:30:20+00:00","og_image":[{"width":1280,"height":720,"url":"https:\/\/sportmedizin-kurse.de\/wp-content\/uploads\/2022\/01\/Winterkurs-Sportpraxis-YouTube-Thumbnail.png","type":"image\/png"}],"twitter_card":"summary_large_image","twitter_misc":{"Gesch\u00e4tzte Lesezeit":"1\u00a0Minute"},"schema":{"@context":"https:\/\/schema.org","@graph":[{"@type":"WebPage","@id":"https:\/\/sportmedizin-kurse.de\/","url":"https:\/\/sportmedizin-kurse.de\/","name":"Sommerkurs\/Winterkurs Sportmedizin Garmisch-Partenkirchen","isPartOf":{"@id":"https:\/\/sportmedizin-kurse.de\/#website"},"datePublished":"2017-09-11T19:17:48+00:00","dateModified":"2024-05-28T15:30:20+00:00","description":"Sportmedizin in Garmisch Partenkirchen. Mit workshops, live-demos und hands-on-Kursen. Sportpraxis: Skifahren,off-piste,MTB,Klettersteig,Biathlon,Tennis.","breadcrumb":{"@id":"https:\/\/sportmedizin-kurse.de\/#breadcrumb"},"inLanguage":"de","potentialAction":[{"@type":"ReadAction","target":["https:\/\/sportmedizin-kurse.de\/"]}]},{"@type":"BreadcrumbList","@id":"https:\/\/sportmedizin-kurse.de\/#breadcrumb","itemListElement":[{"@type":"ListItem","position":1,"name":"Startseite","item":"https:\/\/sportmedizin-kurse.de\/"},{"@type":"ListItem","position":2,"name":"home"}]},{"@type":"WebSite","@id":"https:\/\/sportmedizin-kurse.de\/#website","url":"https:\/\/sportmedizin-kurse.de\/","name":"Sportmedizin-Kurse","description":"Sportmedizinkurs Garmisch-Partenkirchen","publisher":{"@id":"https:\/\/sportmedizin-kurse.de\/#organization"},"potentialAction":[{"@type":"SearchAction","target":{"@type":"EntryPoint","urlTemplate":"https:\/\/sportmedizin-kurse.de\/?s={search_term_string}"},"query-input":{"@type":"PropertyValueSpecification","valueRequired":true,"valueName":"search_term_string"}}],"inLanguage":"de"},{"@type":"Organization","@id":"https:\/\/sportmedizin-kurse.de\/#organization","name":"Sportmedizin Garmisch-Partenkirchen","url":"https:\/\/sportmedizin-kurse.de\/","logo":{"@type":"ImageObject","inLanguage":"de","@id":"https:\/\/sportmedizin-kurse.de\/#\/schema\/logo\/image\/","url":"https:\/\/sportmedizin-kurse.de\/wp-content\/uploads\/2018\/01\/logo-WSGP-3D.jpg","contentUrl":"https:\/\/sportmedizin-kurse.de\/wp-content\/uploads\/2018\/01\/logo-WSGP-3D.jpg","width":1904,"height":1216,"caption":"Sportmedizin Garmisch-Partenkirchen"},"image":{"@id":"https:\/\/sportmedizin-kurse.de\/#\/schema\/logo\/image\/"},"sameAs":["https:\/\/www.facebook.com\/Sportmedizin-Kurse-334840526557339\/?ref=settings"]}]}},"_links":{"self":[{"href":"https:\/\/sportmedizin-kurse.de\/index.php?rest_route=\/wp\/v2\/pages\/47","targetHints":{"allow":["GET"]}}],"collection":[{"href":"https:\/\/sportmedizin-kurse.de\/index.php?rest_route=\/wp\/v2\/pages"}],"about":[{"href":"https:\/\/sportmedizin-kurse.de\/index.php?rest_route=\/wp\/v2\/types\/page"}],"author":[{"embeddable":true,"href":"https:\/\/sportmedizin-kurse.de\/index.php?rest_route=\/wp\/v2\/users\/1"}],"replies":[{"embeddable":true,"href":"https:\/\/sportmedizin-kurse.de\/index.php?rest_route=%2Fwp%2Fv2%2Fcomments&post=47"}],"version-history":[{"count":60,"href":"https:\/\/sportmedizin-kurse.de\/index.php?rest_route=\/wp\/v2\/pages\/47\/revisions"}],"predecessor-version":[{"id":1736,"href":"https:\/\/sportmedizin-kurse.de\/index.php?rest_route=\/wp\/v2\/pages\/47\/revisions\/1736"}],"wp:attachment":[{"href":"https:\/\/sportmedizin-kurse.de\/index.php?rest_route=%2Fwp%2Fv2%2Fmedia&parent=47"}],"curies":[{"name":"wp","href":"https:\/\/api.w.org\/{rel}","templated":true}]}}