{"id":356,"date":"2017-11-14T15:47:51","date_gmt":"2017-11-14T15:47:51","guid":{"rendered":"http:\/\/sportmedizin-kurse.de\/?page_id=356"},"modified":"2025-12-30T10:21:11","modified_gmt":"2025-12-30T10:21:11","slug":"impressum","status":"publish","type":"page","link":"https:\/\/sportmedizin-kurse.de\/?page_id=356","title":{"rendered":"Impressum"},"content":{"rendered":"<p>Angaben gem\u00e4\u00df \u00a7 5 TMG:<br \/>\nSportmedizin Garmisch-Partenkirchen GbR<br \/>\nEisenbahnstra\u00dfe 95, 63303 Dreieich<\/p>\n<p>Vertreten durch:<br \/>\nDr. med. Dipl. Sportwiss. Lutz Nitsche und Bj\u00f6rn Michel<\/p>\n<p>Kontakt:<br \/>\nTelefon: 06196 8821340<br \/>\nE-Mail: kontakt@my-ortho.com<\/p>\n<p>Verantwortlich f\u00fcr den Inhalt nach \u00a7 55 Abs. 2 RStV:<br \/>\nDr. med. Dipl. Sportwiss. Lutz Nitsche<\/p>\n<p>Streitschlichtung<br \/>\nDie Europ\u00e4ische Kommission stellt eine Plattform zur Online-Streitbeilegung (OS) bereit:<br \/>\nhttp:\/\/ec.europa.eu\/consumers\/odr<br \/>\nUnsere E-Mail-Adresse finden Sie oben im Impressum.<br \/>\nWir sind nicht bereit oder verpflichtet, an Streitbeilegungsverfahren vor einer<br \/>\nVerbraucherschlichtungsstelle teilzunehmen.<\/p>\n<p>Haftung f\u00fcr Inhalte<br \/>\nAls Diensteanbieter sind wir gem\u00e4\u00df \u00a7 7 Abs.1 TMG f\u00fcr eigene Inhalte auf diesen Seiten nach den<br \/>\nallgemeinen Gesetzen verantwortlich. Nach \u00a7\u00a7 8 bis 10 TMG sind wir als Diensteanbieter jedoch nicht<br \/>\nverpflichtet, \u00fcbermittelte oder gespeicherte fremde Informationen zu \u00fcberwachen oder nach Umst\u00e4nden<br \/>\nzu forschen, die auf eine rechtswidrige T\u00e4tigkeit hinweisen.<br \/>\nVerpflichtungen zur Entfernung oder Sperrung der Nutzung von Informationen nach den allgemeinen<br \/>\nGesetzen bleiben hiervon unber\u00fchrt. Eine diesbez\u00fcgliche Haftung ist jedoch erst ab dem Zeitpunkt der<br \/>\nKenntnis einer konkreten Rechtsverletzung m\u00f6glich. Bei Bekanntwerden von entsprechenden Rechtsverletzungen werden wir diese Inhalte umgehend entfernen.<\/p>\n<p>Haftung f\u00fcr Links<br \/>\nUnser Angebot enth\u00e4lt Links zu externen Webseiten Dritter, auf deren Inhalte wir keinen Einfluss haben. Deshalb k\u00f6nnen wir f\u00fcr diese fremden Inhalte auch keine Gew\u00e4hr \u00fcbernehmen. F\u00fcr die Inhalte der<br \/>\nverlinkten Seiten ist stets der jeweilige Anbieter oder Betreiber der Seiten verantwortlich. Die verlinkten Seiten wurden zum Zeitpunkt der Verlinkung auf m\u00f6gliche Rechtsverst\u00f6\u00dfe \u00fcberpr\u00fcft. Rechtswidrige Inhalte waren zum Zeitpunkt der Verlinkung nicht erkennbar. Eine permanente inhaltliche Kontrolle der verlinkten Seiten ist jedoch ohne konkrete Anhaltspunkte einer Rechtsverletzung nicht zumutbar. Bei Bekanntwerden von Rechtsverletzungen werden wir derartige Links umgehend entfernen.<\/p>\n<p>Urheberrecht<br \/>\nDie durch die Seitenbetreiber erstellten Inhalte und Werke auf diesen Seiten unterliegen dem deutschen<br \/>\nUrheberrecht. Die Vervielf\u00e4ltigung, Bearbeitung, Verbreitung und jede Art der Verwertung au\u00dferhalb der<br \/>\nGrenzen des Urheberrechtes bed\u00fcrfen der schriftlichen Zustimmung des jeweiligen Autors bzw.<br \/>\nErstellers. Downloads und Kopien dieser Seite sind nur f\u00fcr den privaten, nicht kommerziellen Gebrauch<br \/>\ngestattet. Soweit die Inhalte auf dieser Seite nicht vom Betreiber erstellt wurden, werden die Urheberrechte Dritter beachtet. Insbesondere werden Inhalte Dritter als solche gekennzeichnet. Sollten Sie trotzdem auf eine Urheberrechtsverletzung aufmerksam werden, bitten wir um einen entsprechenden Hinweis. Bei Bekanntwerden von Rechtsverletzungen werden wir derartige Inhalte umgehend entfernen.<\/p>\n<p>Quelle:<br \/>\ne-recht24.de<\/p>\n","protected":false},"excerpt":{"rendered":"<p>Angaben gem\u00e4\u00df \u00a7 5 TMG: Sportmedizin Garmisch-Partenkirchen GbR Eisenbahnstra\u00dfe 95, 63303 Dreieich Vertreten durch: Dr. med. Dipl. Sportwiss. Lutz Nitsche&hellip; <a class=\"read-more\" href=\"https:\/\/sportmedizin-kurse.de\/?page_id=356\">Weiterlesen <span class=\"screen-reader-text\">Impressum<\/span><\/a><\/p>\n","protected":false},"author":1,"featured_media":0,"parent":0,"menu_order":0,"comment_status":"closed","ping_status":"closed","template":"","meta":{"_bbp_topic_count":0,"_bbp_reply_count":0,"_bbp_total_topic_count":0,"_bbp_total_reply_count":0,"_bbp_voice_count":0,"_bbp_anonymous_reply_count":0,"_bbp_topic_count_hidden":0,"_bbp_reply_count_hidden":0,"_bbp_forum_subforum_count":0,"ngg_post_thumbnail":0,"footnotes":""},"class_list":["post-356","page","type-page","status-publish","hentry"],"yoast_head":"<!-- This site is optimized with the Yoast SEO plugin v27.4 - https:\/\/yoast.com\/product\/yoast-seo-wordpress\/ -->\n<title>Sommerkurs\/Winterkurs Sportmedizin Garmisch-Partenkirchen<\/title>\n<meta name=\"description\" content=\"Sportmedizin in Garmisch Partenkirchen. Mit workshops, live-demos und hands-on-Kursen. Sportpraxis: Skifahren,off-piste,MTB,Klettersteig,Biathlon,Tennis.\" \/>\n<meta name=\"robots\" content=\"index, follow, max-snippet:-1, max-image-preview:large, max-video-preview:-1\" \/>\n<link rel=\"canonical\" href=\"https:\/\/sportmedizin-kurse.de\/?page_id=356\" \/>\n<meta property=\"og:locale\" content=\"de_DE\" \/>\n<meta property=\"og:type\" content=\"article\" \/>\n<meta property=\"og:title\" content=\"Sommerkurs\/Winterkurs Sportmedizin Garmisch-Partenkirchen\" \/>\n<meta property=\"og:description\" content=\"Sportmedizin in Garmisch Partenkirchen. Mit workshops, live-demos und hands-on-Kursen. Sportpraxis: Skifahren,off-piste,MTB,Klettersteig,Biathlon,Tennis.\" \/>\n<meta property=\"og:url\" content=\"https:\/\/sportmedizin-kurse.de\/?page_id=356\" \/>\n<meta property=\"og:site_name\" content=\"Sportmedizin-Kurse\" \/>\n<meta property=\"article:publisher\" content=\"https:\/\/www.facebook.com\/Sportmedizin-Kurse-334840526557339\/?ref=settings\" \/>\n<meta property=\"article:modified_time\" content=\"2025-12-30T10:21:11+00:00\" \/>\n<meta property=\"og:image\" content=\"https:\/\/sportmedizin-kurse.de\/wp-content\/uploads\/2021\/07\/wInterkurs-2022.png\" \/>\n\t<meta property=\"og:image:width\" content=\"820\" \/>\n\t<meta property=\"og:image:height\" content=\"312\" \/>\n\t<meta property=\"og:image:type\" content=\"image\/png\" \/>\n<meta name=\"twitter:card\" content=\"summary_large_image\" \/>\n<meta name=\"twitter:label1\" content=\"Gesch\u00e4tzte Lesezeit\" \/>\n\t<meta name=\"twitter:data1\" content=\"3\u00a0Minuten\" \/>\n<script type=\"application\/ld+json\" class=\"yoast-schema-graph\">{\"@context\":\"https:\\\/\\\/schema.org\",\"@graph\":[{\"@type\":\"WebPage\",\"@id\":\"https:\\\/\\\/sportmedizin-kurse.de\\\/?page_id=356\",\"url\":\"https:\\\/\\\/sportmedizin-kurse.de\\\/?page_id=356\",\"name\":\"Sommerkurs\\\/Winterkurs Sportmedizin Garmisch-Partenkirchen\",\"isPartOf\":{\"@id\":\"https:\\\/\\\/sportmedizin-kurse.de\\\/#website\"},\"datePublished\":\"2017-11-14T15:47:51+00:00\",\"dateModified\":\"2025-12-30T10:21:11+00:00\",\"description\":\"Sportmedizin in Garmisch Partenkirchen. Mit workshops, live-demos und hands-on-Kursen. Sportpraxis: Skifahren,off-piste,MTB,Klettersteig,Biathlon,Tennis.\",\"breadcrumb\":{\"@id\":\"https:\\\/\\\/sportmedizin-kurse.de\\\/?page_id=356#breadcrumb\"},\"inLanguage\":\"de\",\"potentialAction\":[{\"@type\":\"ReadAction\",\"target\":[\"https:\\\/\\\/sportmedizin-kurse.de\\\/?page_id=356\"]}]},{\"@type\":\"BreadcrumbList\",\"@id\":\"https:\\\/\\\/sportmedizin-kurse.de\\\/?page_id=356#breadcrumb\",\"itemListElement\":[{\"@type\":\"ListItem\",\"position\":1,\"name\":\"Startseite\",\"item\":\"https:\\\/\\\/sportmedizin-kurse.de\\\/\"},{\"@type\":\"ListItem\",\"position\":2,\"name\":\"Impressum\"}]},{\"@type\":\"WebSite\",\"@id\":\"https:\\\/\\\/sportmedizin-kurse.de\\\/#website\",\"url\":\"https:\\\/\\\/sportmedizin-kurse.de\\\/\",\"name\":\"Sportmedizin-Kurse\",\"description\":\"Sportmedizinkurs Garmisch-Partenkirchen\",\"publisher\":{\"@id\":\"https:\\\/\\\/sportmedizin-kurse.de\\\/#organization\"},\"potentialAction\":[{\"@type\":\"SearchAction\",\"target\":{\"@type\":\"EntryPoint\",\"urlTemplate\":\"https:\\\/\\\/sportmedizin-kurse.de\\\/?s={search_term_string}\"},\"query-input\":{\"@type\":\"PropertyValueSpecification\",\"valueRequired\":true,\"valueName\":\"search_term_string\"}}],\"inLanguage\":\"de\"},{\"@type\":\"Organization\",\"@id\":\"https:\\\/\\\/sportmedizin-kurse.de\\\/#organization\",\"name\":\"Sportmedizin Garmisch-Partenkirchen\",\"url\":\"https:\\\/\\\/sportmedizin-kurse.de\\\/\",\"logo\":{\"@type\":\"ImageObject\",\"inLanguage\":\"de\",\"@id\":\"https:\\\/\\\/sportmedizin-kurse.de\\\/#\\\/schema\\\/logo\\\/image\\\/\",\"url\":\"https:\\\/\\\/sportmedizin-kurse.de\\\/wp-content\\\/uploads\\\/2018\\\/01\\\/logo-WSGP-3D.jpg\",\"contentUrl\":\"https:\\\/\\\/sportmedizin-kurse.de\\\/wp-content\\\/uploads\\\/2018\\\/01\\\/logo-WSGP-3D.jpg\",\"width\":1904,\"height\":1216,\"caption\":\"Sportmedizin Garmisch-Partenkirchen\"},\"image\":{\"@id\":\"https:\\\/\\\/sportmedizin-kurse.de\\\/#\\\/schema\\\/logo\\\/image\\\/\"},\"sameAs\":[\"https:\\\/\\\/www.facebook.com\\\/Sportmedizin-Kurse-334840526557339\\\/?ref=settings\"]}]}<\/script>\n<!-- \/ Yoast SEO plugin. -->","yoast_head_json":{"title":"Sommerkurs\/Winterkurs Sportmedizin Garmisch-Partenkirchen","description":"Sportmedizin in Garmisch Partenkirchen. Mit workshops, live-demos und hands-on-Kursen. Sportpraxis: Skifahren,off-piste,MTB,Klettersteig,Biathlon,Tennis.","robots":{"index":"index","follow":"follow","max-snippet":"max-snippet:-1","max-image-preview":"max-image-preview:large","max-video-preview":"max-video-preview:-1"},"canonical":"https:\/\/sportmedizin-kurse.de\/?page_id=356","og_locale":"de_DE","og_type":"article","og_title":"Sommerkurs\/Winterkurs Sportmedizin Garmisch-Partenkirchen","og_description":"Sportmedizin in Garmisch Partenkirchen. Mit workshops, live-demos und hands-on-Kursen. Sportpraxis: Skifahren,off-piste,MTB,Klettersteig,Biathlon,Tennis.","og_url":"https:\/\/sportmedizin-kurse.de\/?page_id=356","og_site_name":"Sportmedizin-Kurse","article_publisher":"https:\/\/www.facebook.com\/Sportmedizin-Kurse-334840526557339\/?ref=settings","article_modified_time":"2025-12-30T10:21:11+00:00","og_image":[{"width":820,"height":312,"url":"https:\/\/sportmedizin-kurse.de\/wp-content\/uploads\/2021\/07\/wInterkurs-2022.png","type":"image\/png"}],"twitter_card":"summary_large_image","twitter_misc":{"Gesch\u00e4tzte Lesezeit":"3\u00a0Minuten"},"schema":{"@context":"https:\/\/schema.org","@graph":[{"@type":"WebPage","@id":"https:\/\/sportmedizin-kurse.de\/?page_id=356","url":"https:\/\/sportmedizin-kurse.de\/?page_id=356","name":"Sommerkurs\/Winterkurs Sportmedizin Garmisch-Partenkirchen","isPartOf":{"@id":"https:\/\/sportmedizin-kurse.de\/#website"},"datePublished":"2017-11-14T15:47:51+00:00","dateModified":"2025-12-30T10:21:11+00:00","description":"Sportmedizin in Garmisch Partenkirchen. Mit workshops, live-demos und hands-on-Kursen. Sportpraxis: Skifahren,off-piste,MTB,Klettersteig,Biathlon,Tennis.","breadcrumb":{"@id":"https:\/\/sportmedizin-kurse.de\/?page_id=356#breadcrumb"},"inLanguage":"de","potentialAction":[{"@type":"ReadAction","target":["https:\/\/sportmedizin-kurse.de\/?page_id=356"]}]},{"@type":"BreadcrumbList","@id":"https:\/\/sportmedizin-kurse.de\/?page_id=356#breadcrumb","itemListElement":[{"@type":"ListItem","position":1,"name":"Startseite","item":"https:\/\/sportmedizin-kurse.de\/"},{"@type":"ListItem","position":2,"name":"Impressum"}]},{"@type":"WebSite","@id":"https:\/\/sportmedizin-kurse.de\/#website","url":"https:\/\/sportmedizin-kurse.de\/","name":"Sportmedizin-Kurse","description":"Sportmedizinkurs Garmisch-Partenkirchen","publisher":{"@id":"https:\/\/sportmedizin-kurse.de\/#organization"},"potentialAction":[{"@type":"SearchAction","target":{"@type":"EntryPoint","urlTemplate":"https:\/\/sportmedizin-kurse.de\/?s={search_term_string}"},"query-input":{"@type":"PropertyValueSpecification","valueRequired":true,"valueName":"search_term_string"}}],"inLanguage":"de"},{"@type":"Organization","@id":"https:\/\/sportmedizin-kurse.de\/#organization","name":"Sportmedizin Garmisch-Partenkirchen","url":"https:\/\/sportmedizin-kurse.de\/","logo":{"@type":"ImageObject","inLanguage":"de","@id":"https:\/\/sportmedizin-kurse.de\/#\/schema\/logo\/image\/","url":"https:\/\/sportmedizin-kurse.de\/wp-content\/uploads\/2018\/01\/logo-WSGP-3D.jpg","contentUrl":"https:\/\/sportmedizin-kurse.de\/wp-content\/uploads\/2018\/01\/logo-WSGP-3D.jpg","width":1904,"height":1216,"caption":"Sportmedizin Garmisch-Partenkirchen"},"image":{"@id":"https:\/\/sportmedizin-kurse.de\/#\/schema\/logo\/image\/"},"sameAs":["https:\/\/www.facebook.com\/Sportmedizin-Kurse-334840526557339\/?ref=settings"]}]}},"_links":{"self":[{"href":"https:\/\/sportmedizin-kurse.de\/index.php?rest_route=\/wp\/v2\/pages\/356","targetHints":{"allow":["GET"]}}],"collection":[{"href":"https:\/\/sportmedizin-kurse.de\/index.php?rest_route=\/wp\/v2\/pages"}],"about":[{"href":"https:\/\/sportmedizin-kurse.de\/index.php?rest_route=\/wp\/v2\/types\/page"}],"author":[{"embeddable":true,"href":"https:\/\/sportmedizin-kurse.de\/index.php?rest_route=\/wp\/v2\/users\/1"}],"replies":[{"embeddable":true,"href":"https:\/\/sportmedizin-kurse.de\/index.php?rest_route=%2Fwp%2Fv2%2Fcomments&post=356"}],"version-history":[{"count":6,"href":"https:\/\/sportmedizin-kurse.de\/index.php?rest_route=\/wp\/v2\/pages\/356\/revisions"}],"predecessor-version":[{"id":1904,"href":"https:\/\/sportmedizin-kurse.de\/index.php?rest_route=\/wp\/v2\/pages\/356\/revisions\/1904"}],"wp:attachment":[{"href":"https:\/\/sportmedizin-kurse.de\/index.php?rest_route=%2Fwp%2Fv2%2Fmedia&parent=356"}],"curies":[{"name":"wp","href":"https:\/\/api.w.org\/{rel}","templated":true}]}}