{"id":104,"date":"2017-09-13T18:40:01","date_gmt":"2017-09-13T18:40:01","guid":{"rendered":"http:\/\/sportmedizin-kurse.de\/?page_id=104"},"modified":"2025-10-22T15:45:02","modified_gmt":"2025-10-22T15:45:02","slug":"information","status":"publish","type":"page","link":"https:\/\/sportmedizin-kurse.de\/?page_id=104","title":{"rendered":"information"},"content":{"rendered":"<p><span style=\"font-size: 18pt;\"><b>Ausrichter<\/b><\/span><br \/>Sportmedizin Garmisch-Partenkirchen Gbr<\/p>\n<p><b><span style=\"font-size: 18pt;\">Leitung<\/span>\u00a0<\/b><br \/>Dr. med. Dipl. Sportwiss. Lutz Nitsche, Bj\u00f6rn Michel, Dr. med. Thomas Bartl, Dr. med. Dipl. Biochem. Jan Wolff<\/p>\n<p><b style=\"font-size: 18pt;\">Lehrgangsort (und Theorie\u00a0<\/b><span style=\"font-size: x-large;\"><span style=\"font-weight: 600;\">zus\u00e4tzlich\u00a0<\/span><\/span><b style=\"font-size: 18pt;\">online via zoom)\u00a0<\/b><\/p>\n<p>Freizeitbetriebe Tiroler Zugspitze GmbH &amp; Co.KG<br \/>Zugspitzsaal<span class=\"Apple-converted-space\">\u00a0<\/span><\/p>\n<p>Hauptstra\u00dfe 21<br \/>A-6632 Ehrwald \/ Tirol<\/p>\n<p><span style=\"font-size: 18pt;\"><b>Zertifizierung<\/b><\/span><\/p>\n<p>Unsere Sommer- und Winterkurse werden f\u00fcr den kommenden Winterkurs zertifiziert durch die hessische L\u00c4K, als CME-Fortbildungen sowie zur Weiterbildung zum Sportmediziner nach dem Kurrikulum der DGSP<\/p>\n<p><span style=\"font-size: 18pt;\"><strong>Weitere Informationen<\/strong><\/span><br \/>Lisa Steiner<\/p>\n<p>mobil \u00a0 \u00a0 \u00a0 \u00a0 +49 (0)174 82 07 568<\/p>\n<p>e-mail: lisa.pleyer@sportmedizin-kurse.de<\/p>\n<p><strong><span style=\"font-size: 18pt;\">Unterbringung<\/span><\/strong><\/p>\n<p>F\u00fcr eine entspannte Suche nach einer passenden Unterkunft schaut doch am besten auf unsere Anbieter-Liste unter dem Reiter \u201eNews\u201c.<span class=\"Apple-converted-space\">\u00a0<\/span><\/p>\n<p>Alternativ erreicht Ihr das Touristenb\u00fcro Ehrwald telefonisch unter <a href=\"tel:+43567320000\">+43567320000<\/a> oder per mail unter: <a href=\"mailto:info@zugspitzarena.com\">info@zugspitzarena.com<\/a><\/p>\n<p>Wer selbst suchen will, kommt hier weiter:<span class=\"Apple-converted-space\">\u00a0<\/span><a href=\"https:\/\/zugspitzarena.com\/de\/Unterkuenfte-Tickets\/Suchen-Buchen\/unterkuenfte\">https:\/\/zugspitzarena.com\/de\/Unterkuenfte-Tickets\/Suchen-Buchen\/unterkuenfte<\/a><\/p>\n<p>Es empfiehlt sich, die Buchung rechtzeitig vorzunehmen.<\/p>\n<p><strong><span style=\"font-size: 18pt;\">Haftung<\/span><\/strong><\/p>\n<p>Der Veranstalter haftet nicht f\u00fcr Verluste, Unf\u00e4lle oder Sch\u00e4den an Personen oder Sachen, gleich welchen Ursprungs. Die Lehrgangsteilnehmer\/-innen beteiligen sich auf eigene Gefahr. Die elektronische Anmeldung ist verbindlich. M\u00fcndliche Nebenabsprachen sind unverbindlich, sofern sie nicht schriftlich best\u00e4tigt werden.<\/p>\n<p><span style=\"font-size: 18pt;\"><strong>Sporttauglichkeit<\/strong><\/span><\/p>\n<p>Jeder Teilnehmer\/jede Teilnehmerin ist verpflichtet, haftpflicht- und unfallversichert zu sein. Es wird als selbstverst\u00e4ndlich vorausgesetzt, dass die Teilnehmer\/Innen, die an den praktischen Veranstaltungen teilnehmen, gesund sind und sich k\u00f6rperlich vorbereitet haben.<\/p>\n<p><span style=\"font-size: 18pt;\"><strong>Sportpraxis (\u201eSportmedizinische Aspekte des Sports\u201c)<\/strong><\/span><\/p>\n<p>Es werden je nach Kurs verschiedene Sportarten in- und outdoor angeboten (siehe Programm Sommer- und\/oder Winterkurs). In den Sportgruppen werden die Inhalte gem\u00e4\u00df den DGSP-Vorgaben der ausgeschriebenen Module vermittelt.<\/p>\n<p><span style=\"color: #000000;\">Die besonderen Bedingungen beim E-Learning werden im jeweiligen Programm des Kurses dargestellt.<\/span><\/p>\n<p><span style=\"color: #000000;\">Wir bitten alle Teilnehmer Badekleidung, Sportschuhe und Sportkleidung f\u00fcr Hallen- und Outdoorsport f\u00fcr alle Witterungsbedingungen (passend zum Winter- oder Sommerkurs und den jeweilig angebotenen Sportarten) mitzubringen. Die Sportausr\u00fcstung ist von den Teilnehmern mitzubringen, bzw. eigenst\u00e4ndig zu leihen. Spezielle Ausr\u00fcstungen je nach Sportart werden im jeweiligen Kurs ausgewiesen und teilweise gestellt (siehe auch dazu die Hinweise bei den einzelnen Kursen).\u00a0<\/span><\/p>\n\n","protected":false},"excerpt":{"rendered":"<p>AusrichterSportmedizin Garmisch-Partenkirchen Gbr Leitung\u00a0Dr. med. Dipl. Sportwiss. Lutz Nitsche, Bj\u00f6rn Michel, Dr. med. Thomas Bartl, Dr. med. Dipl. Biochem. Jan&hellip; <a class=\"read-more\" href=\"https:\/\/sportmedizin-kurse.de\/?page_id=104\">Weiterlesen <span class=\"screen-reader-text\">information<\/span><\/a><\/p>\n","protected":false},"author":1,"featured_media":0,"parent":0,"menu_order":0,"comment_status":"closed","ping_status":"closed","template":"","meta":{"_bbp_topic_count":0,"_bbp_reply_count":0,"_bbp_total_topic_count":0,"_bbp_total_reply_count":0,"_bbp_voice_count":0,"_bbp_anonymous_reply_count":0,"_bbp_topic_count_hidden":0,"_bbp_reply_count_hidden":0,"_bbp_forum_subforum_count":0,"ngg_post_thumbnail":0,"footnotes":""},"class_list":["post-104","page","type-page","status-publish","hentry"],"yoast_head":"<!-- This site is optimized with the Yoast SEO plugin v27.4 - https:\/\/yoast.com\/product\/yoast-seo-wordpress\/ -->\n<title>Informationen Sommer-\/Winterkurs Sportmedizin Garmisch-Partenkirchen<\/title>\n<meta name=\"description\" content=\"Detaiilierte Infos zu den beiden Sommer- und Winterkursen in Garmisch-Partenkirchen. Alle Zweitageskurse 1-15 (innerhalb von zwei Jahren)\" \/>\n<meta name=\"robots\" content=\"index, follow, max-snippet:-1, max-image-preview:large, max-video-preview:-1\" \/>\n<link rel=\"canonical\" href=\"https:\/\/sportmedizin-kurse.de\/?page_id=104\" \/>\n<meta property=\"og:locale\" content=\"de_DE\" \/>\n<meta property=\"og:type\" content=\"article\" \/>\n<meta property=\"og:title\" content=\"Informationen Sommer-\/Winterkurs Sportmedizin Garmisch-Partenkirchen\" \/>\n<meta property=\"og:description\" content=\"Detaiilierte Infos zu den beiden Sommer- und Winterkursen in Garmisch-Partenkirchen. Alle Zweitageskurse 1-15 (innerhalb von zwei Jahren)\" \/>\n<meta property=\"og:url\" content=\"https:\/\/sportmedizin-kurse.de\/?page_id=104\" \/>\n<meta property=\"og:site_name\" content=\"Sportmedizin-Kurse\" \/>\n<meta property=\"article:publisher\" content=\"https:\/\/www.facebook.com\/Sportmedizin-Kurse-334840526557339\/?ref=settings\" \/>\n<meta property=\"article:modified_time\" content=\"2025-10-22T15:45:02+00:00\" \/>\n<meta property=\"og:image\" content=\"https:\/\/sportmedizin-kurse.de\/wp-content\/uploads\/2021\/07\/wInterkurs-2022.png\" \/>\n\t<meta property=\"og:image:width\" content=\"820\" \/>\n\t<meta property=\"og:image:height\" content=\"312\" \/>\n\t<meta property=\"og:image:type\" content=\"image\/png\" \/>\n<meta name=\"twitter:card\" content=\"summary_large_image\" \/>\n<meta name=\"twitter:label1\" content=\"Gesch\u00e4tzte Lesezeit\" \/>\n\t<meta name=\"twitter:data1\" content=\"2\u00a0Minuten\" \/>\n<script type=\"application\/ld+json\" class=\"yoast-schema-graph\">{\"@context\":\"https:\\\/\\\/schema.org\",\"@graph\":[{\"@type\":\"WebPage\",\"@id\":\"https:\\\/\\\/sportmedizin-kurse.de\\\/?page_id=104\",\"url\":\"https:\\\/\\\/sportmedizin-kurse.de\\\/?page_id=104\",\"name\":\"Informationen Sommer-\\\/Winterkurs Sportmedizin Garmisch-Partenkirchen\",\"isPartOf\":{\"@id\":\"https:\\\/\\\/sportmedizin-kurse.de\\\/#website\"},\"datePublished\":\"2017-09-13T18:40:01+00:00\",\"dateModified\":\"2025-10-22T15:45:02+00:00\",\"description\":\"Detaiilierte Infos zu den beiden Sommer- und Winterkursen in Garmisch-Partenkirchen. Alle Zweitageskurse 1-15 (innerhalb von zwei Jahren)\",\"breadcrumb\":{\"@id\":\"https:\\\/\\\/sportmedizin-kurse.de\\\/?page_id=104#breadcrumb\"},\"inLanguage\":\"de\",\"potentialAction\":[{\"@type\":\"ReadAction\",\"target\":[\"https:\\\/\\\/sportmedizin-kurse.de\\\/?page_id=104\"]}]},{\"@type\":\"BreadcrumbList\",\"@id\":\"https:\\\/\\\/sportmedizin-kurse.de\\\/?page_id=104#breadcrumb\",\"itemListElement\":[{\"@type\":\"ListItem\",\"position\":1,\"name\":\"Startseite\",\"item\":\"https:\\\/\\\/sportmedizin-kurse.de\\\/\"},{\"@type\":\"ListItem\",\"position\":2,\"name\":\"information\"}]},{\"@type\":\"WebSite\",\"@id\":\"https:\\\/\\\/sportmedizin-kurse.de\\\/#website\",\"url\":\"https:\\\/\\\/sportmedizin-kurse.de\\\/\",\"name\":\"Sportmedizin-Kurse\",\"description\":\"Sportmedizinkurs Garmisch-Partenkirchen\",\"publisher\":{\"@id\":\"https:\\\/\\\/sportmedizin-kurse.de\\\/#organization\"},\"potentialAction\":[{\"@type\":\"SearchAction\",\"target\":{\"@type\":\"EntryPoint\",\"urlTemplate\":\"https:\\\/\\\/sportmedizin-kurse.de\\\/?s={search_term_string}\"},\"query-input\":{\"@type\":\"PropertyValueSpecification\",\"valueRequired\":true,\"valueName\":\"search_term_string\"}}],\"inLanguage\":\"de\"},{\"@type\":\"Organization\",\"@id\":\"https:\\\/\\\/sportmedizin-kurse.de\\\/#organization\",\"name\":\"Sportmedizin Garmisch-Partenkirchen\",\"url\":\"https:\\\/\\\/sportmedizin-kurse.de\\\/\",\"logo\":{\"@type\":\"ImageObject\",\"inLanguage\":\"de\",\"@id\":\"https:\\\/\\\/sportmedizin-kurse.de\\\/#\\\/schema\\\/logo\\\/image\\\/\",\"url\":\"https:\\\/\\\/sportmedizin-kurse.de\\\/wp-content\\\/uploads\\\/2018\\\/01\\\/logo-WSGP-3D.jpg\",\"contentUrl\":\"https:\\\/\\\/sportmedizin-kurse.de\\\/wp-content\\\/uploads\\\/2018\\\/01\\\/logo-WSGP-3D.jpg\",\"width\":1904,\"height\":1216,\"caption\":\"Sportmedizin Garmisch-Partenkirchen\"},\"image\":{\"@id\":\"https:\\\/\\\/sportmedizin-kurse.de\\\/#\\\/schema\\\/logo\\\/image\\\/\"},\"sameAs\":[\"https:\\\/\\\/www.facebook.com\\\/Sportmedizin-Kurse-334840526557339\\\/?ref=settings\"]}]}<\/script>\n<!-- \/ Yoast SEO plugin. -->","yoast_head_json":{"title":"Informationen Sommer-\/Winterkurs Sportmedizin Garmisch-Partenkirchen","description":"Detaiilierte Infos zu den beiden Sommer- und Winterkursen in Garmisch-Partenkirchen. Alle Zweitageskurse 1-15 (innerhalb von zwei Jahren)","robots":{"index":"index","follow":"follow","max-snippet":"max-snippet:-1","max-image-preview":"max-image-preview:large","max-video-preview":"max-video-preview:-1"},"canonical":"https:\/\/sportmedizin-kurse.de\/?page_id=104","og_locale":"de_DE","og_type":"article","og_title":"Informationen Sommer-\/Winterkurs Sportmedizin Garmisch-Partenkirchen","og_description":"Detaiilierte Infos zu den beiden Sommer- und Winterkursen in Garmisch-Partenkirchen. Alle Zweitageskurse 1-15 (innerhalb von zwei Jahren)","og_url":"https:\/\/sportmedizin-kurse.de\/?page_id=104","og_site_name":"Sportmedizin-Kurse","article_publisher":"https:\/\/www.facebook.com\/Sportmedizin-Kurse-334840526557339\/?ref=settings","article_modified_time":"2025-10-22T15:45:02+00:00","og_image":[{"width":820,"height":312,"url":"https:\/\/sportmedizin-kurse.de\/wp-content\/uploads\/2021\/07\/wInterkurs-2022.png","type":"image\/png"}],"twitter_card":"summary_large_image","twitter_misc":{"Gesch\u00e4tzte Lesezeit":"2\u00a0Minuten"},"schema":{"@context":"https:\/\/schema.org","@graph":[{"@type":"WebPage","@id":"https:\/\/sportmedizin-kurse.de\/?page_id=104","url":"https:\/\/sportmedizin-kurse.de\/?page_id=104","name":"Informationen Sommer-\/Winterkurs Sportmedizin Garmisch-Partenkirchen","isPartOf":{"@id":"https:\/\/sportmedizin-kurse.de\/#website"},"datePublished":"2017-09-13T18:40:01+00:00","dateModified":"2025-10-22T15:45:02+00:00","description":"Detaiilierte Infos zu den beiden Sommer- und Winterkursen in Garmisch-Partenkirchen. Alle Zweitageskurse 1-15 (innerhalb von zwei Jahren)","breadcrumb":{"@id":"https:\/\/sportmedizin-kurse.de\/?page_id=104#breadcrumb"},"inLanguage":"de","potentialAction":[{"@type":"ReadAction","target":["https:\/\/sportmedizin-kurse.de\/?page_id=104"]}]},{"@type":"BreadcrumbList","@id":"https:\/\/sportmedizin-kurse.de\/?page_id=104#breadcrumb","itemListElement":[{"@type":"ListItem","position":1,"name":"Startseite","item":"https:\/\/sportmedizin-kurse.de\/"},{"@type":"ListItem","position":2,"name":"information"}]},{"@type":"WebSite","@id":"https:\/\/sportmedizin-kurse.de\/#website","url":"https:\/\/sportmedizin-kurse.de\/","name":"Sportmedizin-Kurse","description":"Sportmedizinkurs Garmisch-Partenkirchen","publisher":{"@id":"https:\/\/sportmedizin-kurse.de\/#organization"},"potentialAction":[{"@type":"SearchAction","target":{"@type":"EntryPoint","urlTemplate":"https:\/\/sportmedizin-kurse.de\/?s={search_term_string}"},"query-input":{"@type":"PropertyValueSpecification","valueRequired":true,"valueName":"search_term_string"}}],"inLanguage":"de"},{"@type":"Organization","@id":"https:\/\/sportmedizin-kurse.de\/#organization","name":"Sportmedizin Garmisch-Partenkirchen","url":"https:\/\/sportmedizin-kurse.de\/","logo":{"@type":"ImageObject","inLanguage":"de","@id":"https:\/\/sportmedizin-kurse.de\/#\/schema\/logo\/image\/","url":"https:\/\/sportmedizin-kurse.de\/wp-content\/uploads\/2018\/01\/logo-WSGP-3D.jpg","contentUrl":"https:\/\/sportmedizin-kurse.de\/wp-content\/uploads\/2018\/01\/logo-WSGP-3D.jpg","width":1904,"height":1216,"caption":"Sportmedizin Garmisch-Partenkirchen"},"image":{"@id":"https:\/\/sportmedizin-kurse.de\/#\/schema\/logo\/image\/"},"sameAs":["https:\/\/www.facebook.com\/Sportmedizin-Kurse-334840526557339\/?ref=settings"]}]}},"_links":{"self":[{"href":"https:\/\/sportmedizin-kurse.de\/index.php?rest_route=\/wp\/v2\/pages\/104","targetHints":{"allow":["GET"]}}],"collection":[{"href":"https:\/\/sportmedizin-kurse.de\/index.php?rest_route=\/wp\/v2\/pages"}],"about":[{"href":"https:\/\/sportmedizin-kurse.de\/index.php?rest_route=\/wp\/v2\/types\/page"}],"author":[{"embeddable":true,"href":"https:\/\/sportmedizin-kurse.de\/index.php?rest_route=\/wp\/v2\/users\/1"}],"replies":[{"embeddable":true,"href":"https:\/\/sportmedizin-kurse.de\/index.php?rest_route=%2Fwp%2Fv2%2Fcomments&post=104"}],"version-history":[{"count":34,"href":"https:\/\/sportmedizin-kurse.de\/index.php?rest_route=\/wp\/v2\/pages\/104\/revisions"}],"predecessor-version":[{"id":1882,"href":"https:\/\/sportmedizin-kurse.de\/index.php?rest_route=\/wp\/v2\/pages\/104\/revisions\/1882"}],"wp:attachment":[{"href":"https:\/\/sportmedizin-kurse.de\/index.php?rest_route=%2Fwp%2Fv2%2Fmedia&parent=104"}],"curies":[{"name":"wp","href":"https:\/\/api.w.org\/{rel}","templated":true}]}}